{"id":10854,"date":"2024-07-05T11:47:18","date_gmt":"2024-07-05T15:47:18","guid":{"rendered":"https:\/\/bisondunord.com\/?page_id=10854"},"modified":"2024-07-05T11:47:18","modified_gmt":"2024-07-05T15:47:18","slug":"plan-du-site","status":"publish","type":"page","link":"https:\/\/bisondunord.com\/fr\/plan-du-site\/","title":{"rendered":"Plan du site"},"content":{"rendered":"<div class=\"wrap-html-sitemap sp-html-sitemap\"><div class=\"sp-wrap-cpt\"><h2 class=\"sp-cpt-name\">Pages<\/h2><ul class=\"sp-list-posts sp-cpt-hierarchical\"><li class=\"page_item page-item-10052\"><a href=\"https:\/\/bisondunord.com\/fr\/nouvelles\/\">Nouvelles<\/a><\/li><li class=\"page_item page-item-958\"><a href=\"https:\/\/bisondunord.com\/fr\/bison-de-paturage\/\">Bison de p\u00e2turage<\/a><\/li><li class=\"page_item page-item-793\"><a href=\"https:\/\/bisondunord.com\/fr\/visites-guidees\/\">Visites guid\u00e9es<\/a><\/li><li class=\"page_item page-item-321\"><a href=\"https:\/\/bisondunord.com\/fr\/boutique\/\">Boutique<\/a><\/li><li class=\"page_item page-item-322\"><a href=\"https:\/\/bisondunord.com\/fr\/panier\/\">Panier<\/a><\/li><li class=\"page_item page-item-323\"><a href=\"https:\/\/bisondunord.com\/fr\/validation\/\">Validation<\/a><\/li><li class=\"page_item page-item-324\"><a href=\"https:\/\/bisondunord.com\/fr\/mon-compte\/\">Mon compte<\/a><\/li><li class=\"page_item page-item-274\"><a href=\"https:\/\/bisondunord.com\/fr\/faq\/\">Foire aux questions<\/a><\/li><li class=\"page_item page-item-213 current_page_parent\"><a href=\"https:\/\/bisondunord.com\/fr\/recettes\/\">Recettes<\/a><\/li><li class=\"page_item page-item-210\"><a href=\"https:\/\/bisondunord.com\/fr\/nous-joindre\/\">Nous joindre<\/a><\/li><li class=\"page_item page-item-207\"><a href=\"https:\/\/bisondunord.com\/fr\/a-propos\/\">\u00c0 propos<\/a><\/li><li class=\"page_item page-item-198\"><a href=\"https:\/\/bisondunord.com\/fr\/galerie\/\">Galerie<\/a><\/li><li class=\"page_item page-item-194\"><a href=\"https:\/\/bisondunord.com\/fr\/viande-de-bison\/\">Viande de bison nourri \u00e0 l&rsquo;herbe<\/a><\/li><li class=\"page_item page-item-191\"><a href=\"https:\/\/bisondunord.com\/fr\/\">Accueil<\/a><\/li><\/ul><\/div><div class=\"sp-wrap-cpt\"><h2 class=\"sp-cpt-name\">Articles<\/h2><div class=\"sp-wrap-cats\"><div class=\"sp-wrap-cat\"><h3 class=\"sp-cat-name\"><a href=\"https:\/\/bisondunord.com\/fr\/category\/non-classifiee\/\">Recettes<\/a><\/h3><ul class=\"sp-list-posts\"><li><a href=\"https:\/\/bisondunord.com\/fr\/smash-burger-au-bison\/\">Smash burger au bison<\/a> - 6 avril 2024<\/li><li><a href=\"https:\/\/bisondunord.com\/fr\/tacos-au-bison\/\">Tacos au bison<\/a> - 29 ao\u00fbt 2022<\/li><li><a href=\"https:\/\/bisondunord.com\/fr\/lasagne-au-bison\/\">Lasagne au bison<\/a> - 10 novembre 2020<\/li><li><a href=\"https:\/\/bisondunord.com\/fr\/chili-au-bison-mijoteuse\/\">Chili au bison \u00e0 la mijoteuse<\/a> - 9 avril 2020<\/li><li><a href=\"https:\/\/bisondunord.com\/fr\/ragout-de-bison-dearlton\/\">Rago\u00fbt de bison d\u2019Earlton<\/a> - 10 juillet 2017<\/li><li><a href=\"https:\/\/bisondunord.com\/fr\/trio-tartare-de-bison-salade-fraiche-et-frites\/\">Trio tartare de bison, salade fra\u00eeche et frites<\/a> - 10 juillet 2017<\/li><li><a href=\"https:\/\/bisondunord.com\/fr\/tourtiere-du-temiskaming-au-bison-et-cheddar\/\">Tourti\u00e8re du T\u00e9miskaming au bison et cheddar<\/a> - 10 juillet 2017<\/li><li><a href=\"https:\/\/bisondunord.com\/fr\/burger-de-bison-bbq\/\">Burger de bison BBQ<\/a> - 7 juillet 2017<\/li><\/ul><\/div><\/div><\/div><div class=\"sp-wrap-cpt\"><h2 class=\"sp-cpt-name\">Produits<\/h2><div class=\"sp-archive-link\"><a href=\"https:\/\/bisondunord.com\/fr\/boutique\/\">Voir tous les produits<\/a><\/div><div class=\"sp-wrap-cats\"><div class=\"sp-wrap-cat\"><h3 class=\"sp-cat-name\"><a href=\"https:\/\/bisondunord.com\/fr\/product-category\/bijoux\/\">Bijoux<\/a><\/h3><ul class=\"sp-list-posts\"><li><a href=\"https:\/\/bisondunord.com\/fr\/produit\/boucles-doreilles-perle-glacee-en-forme-de-bison\/\">Boucles d&rsquo;oreilles perle glac\u00e9e en forme de bison<\/a> - 3 juin 2024<\/li><li><a href=\"https:\/\/bisondunord.com\/fr\/produit\/collier-perle-glacee-en-forme-de-bison\/\">Collier perle glac\u00e9e en forme de bison<\/a> - 3 juin 2024<\/li><\/ul><\/div><div class=\"sp-wrap-cat\"><h3 class=\"sp-cat-name\"><a href=\"https:\/\/bisondunord.com\/fr\/product-category\/boissons\/\">Boissons<\/a><\/h3><ul class=\"sp-list-posts\"><li><a href=\"https:\/\/bisondunord.com\/fr\/produit\/tasse-de-camping-vintage-bison-du-nord\/\">Tasse de camping vintage Bison du Nord<\/a> - 3 juin 2024<\/li><li><a href=\"https:\/\/bisondunord.com\/fr\/produit\/verre-a-biere-bison-du-nord\/\">Verre \u00e0 bi\u00e8re Bison du Nord<\/a> - 3 juin 2024<\/li><li><a href=\"https:\/\/bisondunord.com\/fr\/produit\/tasse-feu-de-camp-bison-du-nord-bleue-cobalt\/\">Tasse feu de camp Bison du Nord &#8211; Bleue cobalt<\/a> - 14 mai 2024<\/li><\/ul><\/div><div class=\"sp-wrap-cat\"><h3 class=\"sp-cat-name\"><a href=\"https:\/\/bisondunord.com\/fr\/product-category\/cadeaux-en-bois\/\">Cadeaux en bois<\/a><\/h3><ul class=\"sp-list-posts\"><li><a href=\"https:\/\/bisondunord.com\/fr\/produit\/enseigne-en-bois-avec-bison\/\">Enseigne en bois avec bison<\/a> - 3 juin 2024<\/li><li><a href=\"https:\/\/bisondunord.com\/fr\/produit\/aimant-bison-du-nord\/\">Aimant Bison du Nord<\/a> - 3 juin 2024<\/li><li><a href=\"https:\/\/bisondunord.com\/fr\/produit\/boite-en-bois-avec-image-de-bison-moyenne\/\">Bo\u00eete en bois avec image de bison &#8211; moyenne<\/a> - 3 juin 2024<\/li><li><a href=\"https:\/\/bisondunord.com\/fr\/produit\/sculpture-de-bison-en-bois-moyenne\/\">Sculpture de bison en bois &#8211; moyenne<\/a> - 3 juin 2024<\/li><li><a href=\"https:\/\/bisondunord.com\/fr\/produit\/signet-de-bison-en-bois\/\">Signet de bison en bois<\/a> - 3 juin 2024<\/li><li><a href=\"https:\/\/bisondunord.com\/fr\/produit\/yoyo-bison-du-nord\/\">Yoyo Bison du Nord<\/a> - 3 juin 2024<\/li><li><a href=\"https:\/\/bisondunord.com\/fr\/produit\/cadre-photo-en-bois-avec-bison\/\">Cadre photo en bois avec bison<\/a> - 3 juin 2024<\/li><li><a href=\"https:\/\/bisondunord.com\/fr\/produit\/porte-cles-bison-avec-coutures\/\">Porte-cl\u00e9s bison avec coutures<\/a> - 3 juin 2024<\/li><li><a href=\"https:\/\/bisondunord.com\/fr\/produit\/decoration-de-noel-bison-du-nord\/\">D\u00e9coration de No\u00ebl Bison du Nord<\/a> - 3 juin 2024<\/li><\/ul><\/div><div class=\"sp-wrap-cat\"><h3 class=\"sp-cat-name\"><a href=\"https:\/\/bisondunord.com\/fr\/product-category\/cadeaux-et-souvenirs\/\">Cadeaux et souvenirs<\/a><\/h3><ul class=\"sp-list-posts\"><li><a href=\"https:\/\/bisondunord.com\/fr\/produit\/sac-fourre-tout-bison-du-nord-en-toile-de-coton\/\">Sac fourre-tout Bison du Nord en toile de coton<\/a> - 3 juin 2024<\/li><li><a href=\"https:\/\/bisondunord.com\/fr\/produit\/bison-anti-stress\/\">Bison anti-stress<\/a> - 3 juin 2024<\/li><li><a href=\"https:\/\/bisondunord.com\/fr\/produit\/tatouage-temporaire-bison-du-nord\/\">Tatouage temporaire Bison du Nord<\/a> - 3 juin 2024<\/li><li><a href=\"https:\/\/bisondunord.com\/fr\/produit\/illustration-dun-bison-a-laquarelle-format-8x10-ciel-bleu\/\">Illustration d&rsquo;un bison \u00e0 l&rsquo;aquarelle (format 8&#215;10) &#8211; Ciel bleu<\/a> - 3 juin 2024<\/li><li><a href=\"https:\/\/bisondunord.com\/fr\/produit\/illustration-dun-bison-a-laquarelle-format-8x10-paysage\/\">Illustration d&rsquo;un bison \u00e0 l&rsquo;aquarelle (format 8&#215;10) &#8211; Paysage<\/a> - 3 juin 2024<\/li><li><a href=\"https:\/\/bisondunord.com\/fr\/produit\/trousse-dart-pour-bison-3d\/\">Trousse d&rsquo;art pour bison 3D<\/a> - 3 juin 2024<\/li><li><a href=\"https:\/\/bisondunord.com\/fr\/produit\/decoration-de-noel-de-bison-en-laiton\/\">D\u00e9coration de No\u00ebl de bison en laiton<\/a> - 3 juin 2024<\/li><li><a href=\"https:\/\/bisondunord.com\/fr\/produit\/aimant-de-bison-en-peluche\/\">Aimant de bison en peluche<\/a> - 3 juin 2024<\/li><li><a href=\"https:\/\/bisondunord.com\/fr\/produit\/tirette-decorative-de-bison\/\">Tirette d\u00e9corative de bison<\/a> - 3 juin 2024<\/li><li><a href=\"https:\/\/bisondunord.com\/fr\/produit\/bison-en-peluche-curly-critter-10-po\/\">Bison en peluche Curly Critter 10 po.<\/a> - 3 juin 2024<\/li><li><a href=\"https:\/\/bisondunord.com\/fr\/produit\/carte-de-souhaits-bison-du-nord\/\">Carte de souhaits Bison du Nord<\/a> - 3 juin 2024<\/li><\/ul><\/div><div class=\"sp-wrap-cat\"><h3 class=\"sp-cat-name\"><a href=\"https:\/\/bisondunord.com\/fr\/product-category\/crane-de-bison\/\">Cr\u00e2ne de bison<\/a><\/h3><ul class=\"sp-list-posts\"><li><a href=\"https:\/\/bisondunord.com\/fr\/produit\/crane-bison-naturel\/\">Cr\u00e2ne de bison naturel<\/a> - 17 d\u00e9cembre 2018<\/li><li><a href=\"https:\/\/bisondunord.com\/fr\/produit\/crane-peint-sur-mesure\/\">Cr\u00e2ne de bison peint sur mesure<\/a> - 9 octobre 2018<\/li><li><a href=\"https:\/\/bisondunord.com\/fr\/produit\/guerriere-des-plaines\/\">Guerri\u00e8re des plaines<\/a> - 19 juin 2018<\/li><li><a href=\"https:\/\/bisondunord.com\/fr\/produit\/soleil-levant\/\">Soleil levant<\/a> - 22 novembre 2017<\/li><li><a href=\"https:\/\/bisondunord.com\/fr\/produit\/maman-longhorn\/\">Maman Longhorn<\/a> - 22 novembre 2017<\/li><\/ul><\/div><div class=\"sp-wrap-cat\"><h3 class=\"sp-cat-name\"><a href=\"https:\/\/bisondunord.com\/fr\/product-category\/livres\/\">Livres<\/a><\/h3><ul class=\"sp-list-posts\"><li><a href=\"https:\/\/bisondunord.com\/fr\/produit\/rose-aimee-belanger-a-lombre-des-chuchoteuses\/\">Rose-Aim\u00e9e B\u00e9langer, \u00e0 l&rsquo;ombre des chuchoteuses<\/a> - 3 juin 2024<\/li><li><a href=\"https:\/\/bisondunord.com\/fr\/produit\/buffalo-girl-cooks-bison\/\">Buffalo Girl Cooks Bison<\/a> - 3 juin 2024<\/li><li><a href=\"https:\/\/bisondunord.com\/fr\/produit\/cahier-dactivites-pour-enfants-bison-du-nord\/\">Cahier d&rsquo;activit\u00e9s pour enfants Bison du Nord<\/a> - 3 juin 2024<\/li><li><a href=\"https:\/\/bisondunord.com\/fr\/produit\/honouring-the-buffalo-a-plains-cree-legend\/\">Honouring the Buffalo: A Plains Cree Legend<\/a> - 3 juin 2024<\/li><li><a href=\"https:\/\/bisondunord.com\/fr\/produit\/hommage-au-bison-une-legende-des-cris-des-plaines\/\">Hommage au bison : Une l\u00e9gende des Cris des Plaines<\/a> - 3 juin 2024<\/li><li><a href=\"https:\/\/bisondunord.com\/fr\/produit\/the-ecological-buffalo-on-the-trail-of-a-keystone-species\/\">The Ecological Buffalo: On the Trail of a Keystone Species<\/a> - 3 juin 2024<\/li><\/ul><\/div><div class=\"sp-wrap-cat\"><h3 class=\"sp-cat-name\"><a href=\"https:\/\/bisondunord.com\/fr\/product-category\/meat-bundles\/\">Meat bundles<\/a><\/h3><ul class=\"sp-list-posts\"><li><a href=\"https:\/\/bisondunord.com\/fr\/produit\/viande-de-bison-nourri-a-lherbe-special-automne\/\">Viande de bison nourri \u00e0 l&rsquo;herbe &#8211; Sp\u00e9cial automne<\/a> - 22 octobre 2025<\/li><li><a href=\"https:\/\/bisondunord.com\/fr\/produit\/viande-de-bison-nourri-a-lherbe-special-automne-premium\/\">Viande de bison nourri \u00e0 l&rsquo;herbe &#8211; Sp\u00e9cial automne Premium<\/a> - 18 octobre 2025<\/li><\/ul><\/div><div class=\"sp-wrap-cat\"><h3 class=\"sp-cat-name\"><a href=\"https:\/\/bisondunord.com\/fr\/product-category\/viande-de-bison\/\">Viande de bison<\/a><\/h3><ul class=\"sp-list-posts\"><li><a href=\"https:\/\/bisondunord.com\/fr\/produit\/viande-de-bison-nourri-a-lherbe-special-automne\/\">Viande de bison nourri \u00e0 l&rsquo;herbe &#8211; Sp\u00e9cial automne<\/a> - 22 octobre 2025<\/li><li><a href=\"https:\/\/bisondunord.com\/fr\/produit\/viande-de-bison-nourri-a-lherbe-special-automne-premium\/\">Viande de bison nourri \u00e0 l&rsquo;herbe &#8211; Sp\u00e9cial automne Premium<\/a> - 18 octobre 2025<\/li><\/ul><\/div><\/div><\/div><\/div>\n","protected":false},"excerpt":{"rendered":"","protected":false},"author":1,"featured_media":0,"parent":0,"menu_order":0,"comment_status":"closed","ping_status":"closed","template":"","meta":{"_seopress_robots_primary_cat":"","_seopress_titles_title":"Plan du site | Bison du Nord","_seopress_titles_desc":"","_seopress_robots_index":"","generate_page_header":"","footnotes":""},"class_list":["post-10854","page","type-page","status-publish"],"_links":{"self":[{"href":"https:\/\/bisondunord.com\/fr\/wp-json\/wp\/v2\/pages\/10854","targetHints":{"allow":["GET"]}}],"collection":[{"href":"https:\/\/bisondunord.com\/fr\/wp-json\/wp\/v2\/pages"}],"about":[{"href":"https:\/\/bisondunord.com\/fr\/wp-json\/wp\/v2\/types\/page"}],"author":[{"embeddable":true,"href":"https:\/\/bisondunord.com\/fr\/wp-json\/wp\/v2\/users\/1"}],"replies":[{"embeddable":true,"href":"https:\/\/bisondunord.com\/fr\/wp-json\/wp\/v2\/comments?post=10854"}],"version-history":[{"count":1,"href":"https:\/\/bisondunord.com\/fr\/wp-json\/wp\/v2\/pages\/10854\/revisions"}],"predecessor-version":[{"id":10857,"href":"https:\/\/bisondunord.com\/fr\/wp-json\/wp\/v2\/pages\/10854\/revisions\/10857"}],"wp:attachment":[{"href":"https:\/\/bisondunord.com\/fr\/wp-json\/wp\/v2\/media?parent=10854"}],"curies":[{"name":"wp","href":"https:\/\/api.w.org\/{rel}","templated":true}]}}