{"id":958,"date":"2020-01-29T23:20:55","date_gmt":"2020-01-30T04:20:55","guid":{"rendered":"https:\/\/bisondunord.com\/pasture-raised-bison\/"},"modified":"2026-02-22T23:17:03","modified_gmt":"2026-02-23T04:17:03","slug":"bison-de-paturage","status":"publish","type":"page","link":"https:\/\/bisondunord.com\/fr\/bison-de-paturage\/","title":{"rendered":"Bison de p\u00e2turage"},"content":{"rendered":"\t\t<div data-elementor-type=\"wp-post\" data-elementor-id=\"958\" class=\"elementor elementor-958 elementor-953\" data-elementor-post-type=\"page\">\n\t\t\t\t\t\t<header class=\"elementor-section elementor-top-section elementor-element elementor-element-tdwbole elementor-section-content-middle elementor-section-boxed elementor-section-height-default elementor-section-height-default\" data-id=\"tdwbole\" data-element_type=\"section\" data-e-type=\"section\" data-settings=\"{&quot;background_background&quot;:&quot;classic&quot;}\">\n\t\t\t\t\t\t\t<div class=\"elementor-background-overlay\"><\/div>\n\t\t\t\t\t\t\t<div class=\"elementor-container elementor-column-gap-no\">\n\t\t\t\t\t<div class=\"elementor-column elementor-col-100 elementor-top-column elementor-element elementor-element-cewqfgn\" data-id=\"cewqfgn\" data-element_type=\"column\" data-e-type=\"column\">\n\t\t\t<div class=\"elementor-widget-wrap elementor-element-populated\">\n\t\t\t\t\t\t<div class=\"elementor-element elementor-element-siyerkx elementor-widget elementor-widget-heading\" data-id=\"siyerkx\" data-element_type=\"widget\" data-e-type=\"widget\" data-widget_type=\"heading.default\">\n\t\t\t\t<div class=\"elementor-widget-container\">\n\t\t\t\t\t<h1 class=\"elementor-heading-title elementor-size-default\">BISON DE P\u00c2TURAGE<\/h1>\t\t\t\t<\/div>\n\t\t\t\t<\/div>\n\t\t\t\t<div class=\"elementor-element elementor-element-tbnqtce elementor-widget-divider--view-line elementor-widget elementor-widget-divider\" data-id=\"tbnqtce\" data-element_type=\"widget\" data-e-type=\"widget\" data-widget_type=\"divider.default\">\n\t\t\t\t<div class=\"elementor-widget-container\">\n\t\t\t\t\t\t\t<div class=\"elementor-divider\">\n\t\t\t<span class=\"elementor-divider-separator\">\n\t\t\t\t\t\t<\/span>\n\t\t<\/div>\n\t\t\t\t\t\t<\/div>\n\t\t\t\t<\/div>\n\t\t\t\t\t<\/div>\n\t\t<\/div>\n\t\t\t\t\t<\/div>\n\t\t<\/header>\n\t\t\t\t<section class=\"elementor-section elementor-top-section elementor-element elementor-element-0f755ea elementor-section-boxed elementor-section-height-default elementor-section-height-default\" data-id=\"0f755ea\" data-element_type=\"section\" data-e-type=\"section\" data-settings=\"{&quot;background_background&quot;:&quot;classic&quot;}\">\n\t\t\t\t\t\t<div class=\"elementor-container elementor-column-gap-default\">\n\t\t\t\t\t<div class=\"elementor-column elementor-col-100 elementor-top-column elementor-element elementor-element-f764c10\" data-id=\"f764c10\" data-element_type=\"column\" data-e-type=\"column\">\n\t\t\t<div class=\"elementor-widget-wrap elementor-element-populated\">\n\t\t\t\t\t\t<div class=\"elementor-element elementor-element-a5fbc33 elementor-widget elementor-widget-image\" data-id=\"a5fbc33\" data-element_type=\"widget\" data-e-type=\"widget\" data-widget_type=\"image.default\">\n\t\t\t\t<div class=\"elementor-widget-container\">\n\t\t\t\t\t\t\t\t\t\t\t\t\t\t\t<img decoding=\"async\" width=\"64\" height=\"64\" src=\"https:\/\/bisondunord.com\/wp-content\/uploads\/2017\/07\/bison-leaf-brown-glyph-64x64.png\" class=\"attachment-full size-full wp-image-330\" alt=\"Bison Leaf\" \/>\t\t\t\t\t\t\t\t\t\t\t\t\t\t\t<\/div>\n\t\t\t\t<\/div>\n\t\t\t\t<div class=\"elementor-element elementor-element-2448bc0 elementor-widget elementor-widget-heading\" data-id=\"2448bc0\" data-element_type=\"widget\" data-e-type=\"widget\" data-widget_type=\"heading.default\">\n\t\t\t\t<div class=\"elementor-widget-container\">\n\t\t\t\t\t<h2 class=\"elementor-heading-title elementor-size-default\">CERTIFI\u00c9 BIEN-\u00caTRE ANIMAL<\/h2>\t\t\t\t<\/div>\n\t\t\t\t<\/div>\n\t\t\t\t<div class=\"elementor-element elementor-element-c9032ac elementor-widget-divider--view-line elementor-widget elementor-widget-divider\" data-id=\"c9032ac\" data-element_type=\"widget\" data-e-type=\"widget\" data-widget_type=\"divider.default\">\n\t\t\t\t<div class=\"elementor-widget-container\">\n\t\t\t\t\t\t\t<div class=\"elementor-divider\">\n\t\t\t<span class=\"elementor-divider-separator\">\n\t\t\t\t\t\t<\/span>\n\t\t<\/div>\n\t\t\t\t\t\t<\/div>\n\t\t\t\t<\/div>\n\t\t\t\t<div class=\"elementor-element elementor-element-a3f1440 elementor-widget elementor-widget-text-editor\" data-id=\"a3f1440\" data-element_type=\"widget\" data-e-type=\"widget\" data-widget_type=\"text-editor.default\">\n\t\t\t\t<div class=\"elementor-widget-container\">\n\t\t\t\t\t\t\t\t\t<p><span style=\"font-weight: 400;\">Libres d\u2019hormones et d\u2019antibiotiques, nos bisons sont nourris au p\u00e2turage l\u2019\u00e9t\u00e9 et au foin sec et \u00e0 l\u2019ensilage de foin l\u2019hiver. Nos animaux profitent ainsi d\u2019un \u00e9levage en harmonie avec la nature et de terres abritant une riche biodiversit\u00e9.\u00a0<\/span><\/p><p><span style=\"font-weight: 400;\">Notre ferme est fi\u00e8re d\u2019\u00eatre chef de file parmi les \u00e9leveurs de bison au Canada en \u00e9tant certifi\u00e9e<br \/><\/span><a href=\"https:\/\/agreenerworld.org\/certifications\/animal-welfare-approved\/\"><span style=\"font-weight: 400;\">Bien-\u00eatre animal par AGW<\/span><\/a><span style=\"font-weight: 400;\">. Cette certification attribu\u00e9e par A Greener World (AGW) souligne nos efforts en mati\u00e8re de bien-\u00eatre animal, de respect de l\u2019environnement, et de pratiques agricoles durables, telles que la mise en oeuvre d\u2019un syst\u00e8me de p\u00e2turages en rotation et l&rsquo;optimisation de la sant\u00e9 des sols.<\/span><\/p>\t\t\t\t\t\t\t\t<\/div>\n\t\t\t\t<\/div>\n\t\t\t\t\t<\/div>\n\t\t<\/div>\n\t\t\t\t\t<\/div>\n\t\t<\/section>\n\t\t\t\t<section class=\"elementor-section elementor-top-section elementor-element elementor-element-z5a4384 elementor-section-content-middle elementor-section-boxed elementor-section-height-default elementor-section-height-default\" data-id=\"z5a4384\" data-element_type=\"section\" data-e-type=\"section\" data-settings=\"{&quot;background_background&quot;:&quot;classic&quot;}\">\n\t\t\t\t\t\t<div class=\"elementor-container elementor-column-gap-default\">\n\t\t\t\t\t<div class=\"elementor-column elementor-col-33 elementor-top-column elementor-element elementor-element-vqnpu99\" data-id=\"vqnpu99\" data-element_type=\"column\" data-e-type=\"column\">\n\t\t\t<div class=\"elementor-widget-wrap elementor-element-populated\">\n\t\t\t\t\t\t<div class=\"elementor-element elementor-element-nt3itsf elementor-widget elementor-widget-image\" data-id=\"nt3itsf\" data-element_type=\"widget\" data-e-type=\"widget\" data-widget_type=\"image.default\">\n\t\t\t\t<div class=\"elementor-widget-container\">\n\t\t\t\t\t\t\t\t\t\t\t\t\t\t\t<img decoding=\"async\" src=\"https:\/\/bisondunord.com\/wp-content\/uploads\/elementor\/thumbs\/IMG_8445-r6oo1uqup029zmj5kecyainrxm7jb89rra1cs7n5oo.jpg\" title=\"Bisondunord-grassfed-bison\" alt=\"Bison eating grass\" loading=\"lazy\" \/>\t\t\t\t\t\t\t\t\t\t\t\t\t\t\t<\/div>\n\t\t\t\t<\/div>\n\t\t\t\t\t<\/div>\n\t\t<\/div>\n\t\t\t\t<div class=\"elementor-column elementor-col-33 elementor-top-column elementor-element elementor-element-buh7fys\" data-id=\"buh7fys\" data-element_type=\"column\" data-e-type=\"column\">\n\t\t\t<div class=\"elementor-widget-wrap elementor-element-populated\">\n\t\t\t\t\t\t<div class=\"elementor-element elementor-element-nwrehx9 elementor-widget elementor-widget-image\" data-id=\"nwrehx9\" data-element_type=\"widget\" data-e-type=\"widget\" data-widget_type=\"image.default\">\n\t\t\t\t<div class=\"elementor-widget-container\">\n\t\t\t\t\t\t\t\t\t\t\t\t\t\t\t<img fetchpriority=\"high\" decoding=\"async\" width=\"768\" height=\"505\" src=\"https:\/\/bisondunord.com\/wp-content\/uploads\/2017\/07\/bisondunord-what-we-do-2.jpg\" class=\"attachment-medium_large size-medium_large wp-image-344\" alt=\"What We Do\" srcset=\"https:\/\/bisondunord.com\/wp-content\/uploads\/2017\/07\/bisondunord-what-we-do-2.jpg 1024w, https:\/\/bisondunord.com\/wp-content\/uploads\/2017\/07\/bisondunord-what-we-do-2-600x394.jpg 600w\" sizes=\"(max-width: 768px) 100vw, 768px\" \/>\t\t\t\t\t\t\t\t\t\t\t\t\t\t\t<\/div>\n\t\t\t\t<\/div>\n\t\t\t\t\t<\/div>\n\t\t<\/div>\n\t\t\t\t<div class=\"elementor-column elementor-col-33 elementor-top-column elementor-element elementor-element-c625hyg\" data-id=\"c625hyg\" data-element_type=\"column\" data-e-type=\"column\">\n\t\t\t<div class=\"elementor-widget-wrap elementor-element-populated\">\n\t\t\t\t\t\t<div class=\"elementor-element elementor-element-y7rakr0 elementor-widget elementor-widget-image\" data-id=\"y7rakr0\" data-element_type=\"widget\" data-e-type=\"widget\" data-widget_type=\"image.default\">\n\t\t\t\t<div class=\"elementor-widget-container\">\n\t\t\t\t\t\t\t\t\t\t\t\t\t\t\t<img decoding=\"async\" src=\"https:\/\/bisondunord.com\/wp-content\/uploads\/elementor\/thumbs\/Three-bison-r6oo1tt0i60zo0kipvybq0wbc8c63j61f5dvaxojuw.jpg\" title=\"Three bison\" alt=\"Three bison\" loading=\"lazy\" \/>\t\t\t\t\t\t\t\t\t\t\t\t\t\t\t<\/div>\n\t\t\t\t<\/div>\n\t\t\t\t\t<\/div>\n\t\t<\/div>\n\t\t\t\t\t<\/div>\n\t\t<\/section>\n\t\t\t\t<section class=\"elementor-section elementor-top-section elementor-element elementor-element-vdmybwv elementor-section-boxed elementor-section-height-default elementor-section-height-default\" data-id=\"vdmybwv\" data-element_type=\"section\" data-e-type=\"section\" data-settings=\"{&quot;background_background&quot;:&quot;classic&quot;}\">\n\t\t\t\t\t\t<div class=\"elementor-container elementor-column-gap-default\">\n\t\t\t\t\t<div class=\"elementor-column elementor-col-100 elementor-top-column elementor-element elementor-element-uq0s6gf\" data-id=\"uq0s6gf\" data-element_type=\"column\" data-e-type=\"column\">\n\t\t\t<div class=\"elementor-widget-wrap elementor-element-populated\">\n\t\t\t\t\t\t<div class=\"elementor-element elementor-element-wgdimkd elementor-widget elementor-widget-heading\" data-id=\"wgdimkd\" data-element_type=\"widget\" data-e-type=\"widget\" data-widget_type=\"heading.default\">\n\t\t\t\t<div class=\"elementor-widget-container\">\n\t\t\t\t\t<h2 class=\"elementor-heading-title elementor-size-default\">SUJETs D'\u00c9LEVAGE DE QUALIT\u00c9<\/h2>\t\t\t\t<\/div>\n\t\t\t\t<\/div>\n\t\t\t\t<div class=\"elementor-element elementor-element-8w1c96m elementor-widget-divider--view-line elementor-widget elementor-widget-divider\" data-id=\"8w1c96m\" data-element_type=\"widget\" data-e-type=\"widget\" data-widget_type=\"divider.default\">\n\t\t\t\t<div class=\"elementor-widget-container\">\n\t\t\t\t\t\t\t<div class=\"elementor-divider\">\n\t\t\t<span class=\"elementor-divider-separator\">\n\t\t\t\t\t\t<\/span>\n\t\t<\/div>\n\t\t\t\t\t\t<\/div>\n\t\t\t\t<\/div>\n\t\t\t\t<div class=\"elementor-element elementor-element-dgtdnyt elementor-widget elementor-widget-text-editor\" data-id=\"dgtdnyt\" data-element_type=\"widget\" data-e-type=\"widget\" data-widget_type=\"text-editor.default\">\n\t\t\t\t<div class=\"elementor-widget-container\">\n\t\t\t\t\t\t\t\t\t<p><span style=\"font-weight: 400;\">Depuis maintenant plus de 50 ans, nous pr\u00e9servons une g\u00e9n\u00e9tique diversifi\u00e9e de bisons des plaines. Pour favoriser la tra\u00e7abilit\u00e9, nos animaux sont pes\u00e9s et identifi\u00e9s, en plus d\u2019avoir un bilan de sant\u00e9 impeccable. <\/span><\/p>\n<p>Nous avons r\u00e9cemment repens\u00e9 notre corral et mis en place de l&rsquo;\u00e9quipement de premi\u00e8re qualit\u00e9. Ces nouvelles installations permettent de peser, charger et&nbsp;d\u00e9charger&nbsp;les animaux rapidement et efficacement. Si vous souhaitez ajouter des animaux \u00e0 votre troupeau ou r\u00eavez de devenir \u00e9leveur, ne cherchez pas plus loin!<\/p>\t\t\t\t\t\t\t\t<\/div>\n\t\t\t\t<\/div>\n\t\t\t\t<div class=\"elementor-element elementor-element-8b5gyt4 elementor-align-center elementor-widget elementor-widget-button\" data-id=\"8b5gyt4\" data-element_type=\"widget\" data-e-type=\"widget\" data-widget_type=\"button.default\">\n\t\t\t\t<div class=\"elementor-widget-container\">\n\t\t\t\t\t\t\t\t\t<div class=\"elementor-button-wrapper\">\n\t\t\t\t\t<a class=\"elementor-button elementor-button-link elementor-size-md\" href=\"https:\/\/bisondunord.com\/fr\/nous-joindre\/\">\n\t\t\t\t\t\t<span class=\"elementor-button-content-wrapper\">\n\t\t\t\t\t\t<span class=\"elementor-button-icon\">\n\t\t\t\t<i aria-hidden=\"true\" class=\"fas fa-envelope\"><\/i>\t\t\t<\/span>\n\t\t\t\t\t\t\t\t\t<span class=\"elementor-button-text\">CONTACTEZ-nous<\/span>\n\t\t\t\t\t<\/span>\n\t\t\t\t\t<\/a>\n\t\t\t\t<\/div>\n\t\t\t\t\t\t\t\t<\/div>\n\t\t\t\t<\/div>\n\t\t\t\t\t<\/div>\n\t\t<\/div>\n\t\t\t\t\t<\/div>\n\t\t<\/section>\n\t\t\t\t<section class=\"elementor-section elementor-top-section elementor-element elementor-element-60cbe815 elementor-section-content-middle elementor-section-full_width elementor-section-height-default elementor-section-height-default\" data-id=\"60cbe815\" data-element_type=\"section\" data-e-type=\"section\">\n\t\t\t\t\t\t<div class=\"elementor-container elementor-column-gap-no\">\n\t\t\t\t\t<div class=\"elementor-column elementor-col-100 elementor-top-column elementor-element elementor-element-67236822\" data-id=\"67236822\" data-element_type=\"column\" data-e-type=\"column\">\n\t\t\t<div class=\"elementor-widget-wrap elementor-element-populated\">\n\t\t\t\t\t\t<div class=\"elementor-element elementor-element-78f40326 elementor-widget elementor-widget-heading\" data-id=\"78f40326\" data-element_type=\"widget\" data-e-type=\"widget\" data-widget_type=\"heading.default\">\n\t\t\t\t<div class=\"elementor-widget-container\">\n\t\t\t\t\t<h2 class=\"elementor-heading-title elementor-size-default\">ADH\u00c9SIONS ET CERTIFICATIONS<\/h2>\t\t\t\t<\/div>\n\t\t\t\t<\/div>\n\t\t\t\t<div class=\"elementor-element elementor-element-be150e elementor-widget-divider--view-line elementor-widget elementor-widget-divider\" data-id=\"be150e\" data-element_type=\"widget\" data-e-type=\"widget\" data-widget_type=\"divider.default\">\n\t\t\t\t<div class=\"elementor-widget-container\">\n\t\t\t\t\t\t\t<div class=\"elementor-divider\">\n\t\t\t<span class=\"elementor-divider-separator\">\n\t\t\t\t\t\t<\/span>\n\t\t<\/div>\n\t\t\t\t\t\t<\/div>\n\t\t\t\t<\/div>\n\t\t\t\t<section class=\"elementor-section elementor-inner-section elementor-element elementor-element-54da1e3f elementor-section-content-middle elementor-section-boxed elementor-section-height-default elementor-section-height-default\" data-id=\"54da1e3f\" data-element_type=\"section\" data-e-type=\"section\">\n\t\t\t\t\t\t<div class=\"elementor-container elementor-column-gap-no\">\n\t\t\t\t\t<div class=\"elementor-column elementor-col-14 elementor-inner-column elementor-element elementor-element-351bb092\" data-id=\"351bb092\" data-element_type=\"column\" data-e-type=\"column\">\n\t\t\t<div class=\"elementor-widget-wrap elementor-element-populated\">\n\t\t\t\t\t\t<div class=\"elementor-element elementor-element-358a8ede elementor-widget elementor-widget-image\" data-id=\"358a8ede\" data-element_type=\"widget\" data-e-type=\"widget\" data-widget_type=\"image.default\">\n\t\t\t\t<div class=\"elementor-widget-container\">\n\t\t\t\t\t\t\t\t\t\t\t\t\t\t\t\t<a href=\"https:\/\/agreenerworld.org\/certifications\/animal-welfare-approved\/\">\n\t\t\t\t\t\t\t<img decoding=\"async\" width=\"500\" height=\"500\" src=\"https:\/\/bisondunord.com\/wp-content\/uploads\/2020\/02\/AWA-logo-French-par-AGW_HR.jpg\" class=\"attachment-large size-large wp-image-1190\" alt=\"AWA Logo French\" srcset=\"https:\/\/bisondunord.com\/wp-content\/uploads\/2020\/02\/AWA-logo-French-par-AGW_HR.jpg 500w, https:\/\/bisondunord.com\/wp-content\/uploads\/2020\/02\/AWA-logo-French-par-AGW_HR-300x300.jpg 300w, https:\/\/bisondunord.com\/wp-content\/uploads\/2020\/02\/AWA-logo-French-par-AGW_HR-150x150.jpg 150w, https:\/\/bisondunord.com\/wp-content\/uploads\/2020\/02\/AWA-logo-French-par-AGW_HR-100x100.jpg 100w\" sizes=\"(max-width: 500px) 100vw, 500px\" \/>\t\t\t\t\t\t\t\t<\/a>\n\t\t\t\t\t\t\t\t\t\t\t\t\t\t\t<\/div>\n\t\t\t\t<\/div>\n\t\t\t\t\t<\/div>\n\t\t<\/div>\n\t\t\t\t<div class=\"elementor-column elementor-col-14 elementor-inner-column elementor-element elementor-element-147ad43\" data-id=\"147ad43\" data-element_type=\"column\" data-e-type=\"column\">\n\t\t\t<div class=\"elementor-widget-wrap elementor-element-populated\">\n\t\t\t\t\t\t<div class=\"elementor-element elementor-element-f4c62e3 elementor-widget elementor-widget-image\" data-id=\"f4c62e3\" data-element_type=\"widget\" data-e-type=\"widget\" data-widget_type=\"image.default\">\n\t\t\t\t<div class=\"elementor-widget-container\">\n\t\t\t\t\t\t\t\t\t\t\t\t\t\t\t\t<a href=\"https:\/\/agreenerworld.org\/certifications\/certified-grass-fed\/\">\n\t\t\t\t\t\t\t<img loading=\"lazy\" decoding=\"async\" width=\"500\" height=\"500\" src=\"https:\/\/bisondunord.com\/wp-content\/uploads\/2020\/02\/Certified-Grassfed-par-AGW-logo-FRENCH_HR.jpg\" class=\"attachment-large size-large wp-image-1194\" alt=\"Certified Grassfed Logo French\" srcset=\"https:\/\/bisondunord.com\/wp-content\/uploads\/2020\/02\/Certified-Grassfed-par-AGW-logo-FRENCH_HR.jpg 500w, https:\/\/bisondunord.com\/wp-content\/uploads\/2020\/02\/Certified-Grassfed-par-AGW-logo-FRENCH_HR-300x300.jpg 300w, https:\/\/bisondunord.com\/wp-content\/uploads\/2020\/02\/Certified-Grassfed-par-AGW-logo-FRENCH_HR-150x150.jpg 150w, https:\/\/bisondunord.com\/wp-content\/uploads\/2020\/02\/Certified-Grassfed-par-AGW-logo-FRENCH_HR-100x100.jpg 100w\" sizes=\"(max-width: 500px) 100vw, 500px\" \/>\t\t\t\t\t\t\t\t<\/a>\n\t\t\t\t\t\t\t\t\t\t\t\t\t\t\t<\/div>\n\t\t\t\t<\/div>\n\t\t\t\t\t<\/div>\n\t\t<\/div>\n\t\t\t\t<div class=\"elementor-column elementor-col-14 elementor-inner-column elementor-element elementor-element-2de98661\" data-id=\"2de98661\" data-element_type=\"column\" data-e-type=\"column\">\n\t\t\t<div class=\"elementor-widget-wrap elementor-element-populated\">\n\t\t\t\t\t\t<div class=\"elementor-element elementor-element-19d7986b elementor-widget elementor-widget-image\" data-id=\"19d7986b\" data-element_type=\"widget\" data-e-type=\"widget\" data-widget_type=\"image.default\">\n\t\t\t\t<div class=\"elementor-widget-container\">\n\t\t\t\t\t\t\t\t\t\t\t\t\t\t\t\t<a href=\"https:\/\/www.canadianbison.ca\/\">\n\t\t\t\t\t\t\t<img loading=\"lazy\" decoding=\"async\" width=\"500\" height=\"500\" src=\"https:\/\/bisondunord.com\/wp-content\/uploads\/2020\/02\/CBA_Logo_Black-1.jpg\" class=\"attachment-large size-large wp-image-1228\" alt=\"Canadian Bison Association Logo\" srcset=\"https:\/\/bisondunord.com\/wp-content\/uploads\/2020\/02\/CBA_Logo_Black-1.jpg 500w, https:\/\/bisondunord.com\/wp-content\/uploads\/2020\/02\/CBA_Logo_Black-1-300x300.jpg 300w, https:\/\/bisondunord.com\/wp-content\/uploads\/2020\/02\/CBA_Logo_Black-1-150x150.jpg 150w, https:\/\/bisondunord.com\/wp-content\/uploads\/2020\/02\/CBA_Logo_Black-1-100x100.jpg 100w\" sizes=\"(max-width: 500px) 100vw, 500px\" \/>\t\t\t\t\t\t\t\t<\/a>\n\t\t\t\t\t\t\t\t\t\t\t\t\t\t\t<\/div>\n\t\t\t\t<\/div>\n\t\t\t\t\t<\/div>\n\t\t<\/div>\n\t\t\t\t<div class=\"elementor-column elementor-col-14 elementor-inner-column elementor-element elementor-element-379f40a3\" data-id=\"379f40a3\" data-element_type=\"column\" data-e-type=\"column\">\n\t\t\t<div class=\"elementor-widget-wrap elementor-element-populated\">\n\t\t\t\t\t\t<div class=\"elementor-element elementor-element-24aa2da elementor-widget elementor-widget-image\" data-id=\"24aa2da\" data-element_type=\"widget\" data-e-type=\"widget\" data-widget_type=\"image.default\">\n\t\t\t\t<div class=\"elementor-widget-container\">\n\t\t\t\t\t\t\t\t\t\t\t\t\t\t\t\t<a href=\"https:\/\/www.canadianbison.ca\/producers\/regional-associations\/ontario\">\n\t\t\t\t\t\t\t<img loading=\"lazy\" decoding=\"async\" width=\"500\" height=\"500\" src=\"https:\/\/bisondunord.com\/wp-content\/uploads\/2020\/02\/Ontario-Bison-Association-1.jpg\" class=\"attachment-large size-large wp-image-1230\" alt=\"Ontario Bison Association Logo\" srcset=\"https:\/\/bisondunord.com\/wp-content\/uploads\/2020\/02\/Ontario-Bison-Association-1.jpg 500w, https:\/\/bisondunord.com\/wp-content\/uploads\/2020\/02\/Ontario-Bison-Association-1-300x300.jpg 300w, https:\/\/bisondunord.com\/wp-content\/uploads\/2020\/02\/Ontario-Bison-Association-1-150x150.jpg 150w, https:\/\/bisondunord.com\/wp-content\/uploads\/2020\/02\/Ontario-Bison-Association-1-100x100.jpg 100w\" sizes=\"(max-width: 500px) 100vw, 500px\" \/>\t\t\t\t\t\t\t\t<\/a>\n\t\t\t\t\t\t\t\t\t\t\t\t\t\t\t<\/div>\n\t\t\t\t<\/div>\n\t\t\t\t\t<\/div>\n\t\t<\/div>\n\t\t\t\t<div class=\"elementor-column elementor-col-14 elementor-inner-column elementor-element elementor-element-1136fe7c\" data-id=\"1136fe7c\" data-element_type=\"column\" data-e-type=\"column\">\n\t\t\t<div class=\"elementor-widget-wrap elementor-element-populated\">\n\t\t\t\t\t\t<div class=\"elementor-element elementor-element-4a13eeba elementor-widget elementor-widget-image\" data-id=\"4a13eeba\" data-element_type=\"widget\" data-e-type=\"widget\" data-widget_type=\"image.default\">\n\t\t\t\t<div class=\"elementor-widget-container\">\n\t\t\t\t\t\t\t\t\t\t\t\t\t\t\t\t<a href=\"https:\/\/www.ontario.ca\/fr\/terre-nourriciere\/ontario-terre-nourriciere\">\n\t\t\t\t\t\t\t<img loading=\"lazy\" decoding=\"async\" width=\"500\" height=\"500\" src=\"https:\/\/bisondunord.com\/wp-content\/uploads\/2020\/02\/Foodland-French.jpg\" class=\"attachment-large size-large wp-image-1198\" alt=\"Foodland Ontario French\" srcset=\"https:\/\/bisondunord.com\/wp-content\/uploads\/2020\/02\/Foodland-French.jpg 500w, https:\/\/bisondunord.com\/wp-content\/uploads\/2020\/02\/Foodland-French-300x300.jpg 300w, https:\/\/bisondunord.com\/wp-content\/uploads\/2020\/02\/Foodland-French-150x150.jpg 150w, https:\/\/bisondunord.com\/wp-content\/uploads\/2020\/02\/Foodland-French-100x100.jpg 100w\" sizes=\"(max-width: 500px) 100vw, 500px\" \/>\t\t\t\t\t\t\t\t<\/a>\n\t\t\t\t\t\t\t\t\t\t\t\t\t\t\t<\/div>\n\t\t\t\t<\/div>\n\t\t\t\t\t<\/div>\n\t\t<\/div>\n\t\t\t\t<div class=\"elementor-column elementor-col-14 elementor-inner-column elementor-element elementor-element-659534fb\" data-id=\"659534fb\" data-element_type=\"column\" data-e-type=\"column\">\n\t\t\t<div class=\"elementor-widget-wrap elementor-element-populated\">\n\t\t\t\t\t\t<div class=\"elementor-element elementor-element-203b16ed elementor-widget elementor-widget-image\" data-id=\"203b16ed\" data-element_type=\"widget\" data-e-type=\"widget\" data-widget_type=\"image.default\">\n\t\t\t\t<div class=\"elementor-widget-container\">\n\t\t\t\t\t\t\t\t\t\t\t\t\t\t\t\t<a href=\"https:\/\/www.ontario.ca\/fr\/terre-nourriciere\/ontario-terre-nourriciere\">\n\t\t\t\t\t\t\t<img loading=\"lazy\" decoding=\"async\" width=\"600\" height=\"600\" src=\"https:\/\/bisondunord.com\/wp-content\/uploads\/2020\/02\/EFAO-member-logo.png\" class=\"attachment-large size-large wp-image-8999\" alt=\"EFAO Member Logo\" srcset=\"https:\/\/bisondunord.com\/wp-content\/uploads\/2020\/02\/EFAO-member-logo.png 600w, https:\/\/bisondunord.com\/wp-content\/uploads\/2020\/02\/EFAO-member-logo-300x300.png 300w, https:\/\/bisondunord.com\/wp-content\/uploads\/2020\/02\/EFAO-member-logo-150x150.png 150w, https:\/\/bisondunord.com\/wp-content\/uploads\/2020\/02\/EFAO-member-logo-100x100.png 100w\" sizes=\"(max-width: 600px) 100vw, 600px\" \/>\t\t\t\t\t\t\t\t<\/a>\n\t\t\t\t\t\t\t\t\t\t\t\t\t\t\t<\/div>\n\t\t\t\t<\/div>\n\t\t\t\t\t<\/div>\n\t\t<\/div>\n\t\t\t\t<div class=\"elementor-column elementor-col-14 elementor-inner-column elementor-element elementor-element-372040cc\" data-id=\"372040cc\" data-element_type=\"column\" data-e-type=\"column\">\n\t\t\t<div class=\"elementor-widget-wrap elementor-element-populated\">\n\t\t\t\t\t\t<div class=\"elementor-element elementor-element-3359cca7 elementor-widget elementor-widget-image\" data-id=\"3359cca7\" data-element_type=\"widget\" data-e-type=\"widget\" data-widget_type=\"image.default\">\n\t\t\t\t<div class=\"elementor-widget-container\">\n\t\t\t\t\t\t\t\t\t\t\t\t\t\t\t\t<a href=\"https:\/\/www.ontario.ca\/fr\/terre-nourriciere\/ontario-terre-nourriciere\">\n\t\t\t\t\t\t\t<img loading=\"lazy\" decoding=\"async\" width=\"654\" height=\"201\" src=\"https:\/\/bisondunord.com\/wp-content\/uploads\/2020\/02\/OFA_FR_TM.png\" class=\"attachment-large size-large wp-image-9004\" alt=\"FAO Logo\" srcset=\"https:\/\/bisondunord.com\/wp-content\/uploads\/2020\/02\/OFA_FR_TM.png 654w, https:\/\/bisondunord.com\/wp-content\/uploads\/2020\/02\/OFA_FR_TM-300x92.png 300w, https:\/\/bisondunord.com\/wp-content\/uploads\/2020\/02\/OFA_FR_TM-600x184.png 600w\" sizes=\"(max-width: 654px) 100vw, 654px\" \/>\t\t\t\t\t\t\t\t<\/a>\n\t\t\t\t\t\t\t\t\t\t\t\t\t\t\t<\/div>\n\t\t\t\t<\/div>\n\t\t\t\t\t<\/div>\n\t\t<\/div>\n\t\t\t\t\t<\/div>\n\t\t<\/section>\n\t\t\t\t\t<\/div>\n\t\t<\/div>\n\t\t\t\t\t<\/div>\n\t\t<\/section>\n\t\t\t\t<\/div>\n\t\t","protected":false},"excerpt":{"rendered":"<p>BISON DE P\u00c2TURAGE CERTIFI\u00c9 BIEN-\u00caTRE ANIMAL Libres d\u2019hormones et d\u2019antibiotiques, nos bisons sont nourris au p\u00e2turage l\u2019\u00e9t\u00e9 et au foin sec et \u00e0 l\u2019ensilage de foin l\u2019hiver. Nos animaux profitent ainsi d\u2019un \u00e9levage en harmonie avec la nature et de terres abritant une riche biodiversit\u00e9.\u00a0 Notre ferme est fi\u00e8re d\u2019\u00eatre chef de file parmi les &#8230; <a title=\"Bison de p\u00e2turage\" class=\"read-more\" href=\"https:\/\/bisondunord.com\/fr\/bison-de-paturage\/\" aria-label=\"More on Bison de p\u00e2turage\">Read more<\/a><\/p>\n","protected":false},"author":1,"featured_media":0,"parent":0,"menu_order":0,"comment_status":"closed","ping_status":"closed","template":"","meta":{"_seopress_robots_primary_cat":"","_seopress_titles_title":"Bison \u00e9lev\u00e9 en p\u00e2turage Earlton, ON | Bison du Nord","_seopress_titles_desc":"Savourez les bisons \u00e9lev\u00e9 en p\u00e2turage de Bison du Nord, qui offre une viande de premi\u00e8re qualit\u00e9, \u00e9lev\u00e9e de fa\u00e7on naturelle, pour une exp\u00e9rience culinaire plus saine et plus savoureuse.","_seopress_robots_index":"","generate_page_header":"","footnotes":""},"class_list":["post-958","page","type-page","status-publish"],"_links":{"self":[{"href":"https:\/\/bisondunord.com\/fr\/wp-json\/wp\/v2\/pages\/958","targetHints":{"allow":["GET"]}}],"collection":[{"href":"https:\/\/bisondunord.com\/fr\/wp-json\/wp\/v2\/pages"}],"about":[{"href":"https:\/\/bisondunord.com\/fr\/wp-json\/wp\/v2\/types\/page"}],"author":[{"embeddable":true,"href":"https:\/\/bisondunord.com\/fr\/wp-json\/wp\/v2\/users\/1"}],"replies":[{"embeddable":true,"href":"https:\/\/bisondunord.com\/fr\/wp-json\/wp\/v2\/comments?post=958"}],"version-history":[{"count":4,"href":"https:\/\/bisondunord.com\/fr\/wp-json\/wp\/v2\/pages\/958\/revisions"}],"predecessor-version":[{"id":11239,"href":"https:\/\/bisondunord.com\/fr\/wp-json\/wp\/v2\/pages\/958\/revisions\/11239"}],"wp:attachment":[{"href":"https:\/\/bisondunord.com\/fr\/wp-json\/wp\/v2\/media?parent=958"}],"curies":[{"name":"wp","href":"https:\/\/api.w.org\/{rel}","templated":true}]}}