{"id":10264,"date":"2024-05-14T16:01:40","date_gmt":"2024-05-14T20:01:40","guid":{"rendered":"https:\/\/bisondunord.com\/product\/tasse-feu-de-camp-bison-du-nord-bleue-cobalt\/"},"modified":"2024-07-05T07:36:09","modified_gmt":"2024-07-05T11:36:09","slug":"tasse-feu-de-camp-bison-du-nord-bleue-cobalt","status":"publish","type":"product","link":"https:\/\/bisondunord.com\/fr\/produit\/tasse-feu-de-camp-bison-du-nord-bleue-cobalt\/","title":{"rendered":"Tasse feu de camp Bison du Nord &#8211; Bleue cobalt"},"content":{"rendered":"<p><span data-sheets-root=\"1\" data-sheets-value=\"{&quot;1&quot;:2,&quot;2&quot;:&quot;\u00c0 propos de l'artistennOriginaire du nord de l\u2019Ontario, Lise Gravel est une artiste multidisciplinaire et une ancienne enseignante d\u2019arts visuels au secondaire. Sa passion a toujours \u00e9t\u00e9 d\u2019inculquer aux jeunes la confiance en leur capacit\u00e9 cr\u00e9ative, laquelle est trop souvent \u00e9touff\u00e9e en vieillissant.nnLe dessin, l\u2019illustration \u00e0 l\u2019encre, l\u2019aquarelle, l\u2019acrylique et la photographie num\u00e9rique font partie des m\u00e9dias qu\u2019elle pr\u00e9f\u00e8re utiliser pour interpr\u00e9ter ce qu\u2019elle ressent. Ses \u0153uvres ont souvent \u00e9t\u00e9 influenc\u00e9es par la flore et la faune.nnPour explorer ses oeuvres, visitez le www.lisegravel.com, le www.society6.com\/lisegravel ou suivez @lisegravel sur Instagram.&quot;}\" data-sheets-userformat=\"{&quot;2&quot;:15353,&quot;3&quot;:{&quot;1&quot;:0},&quot;6&quot;:{&quot;1&quot;:[{&quot;1&quot;:2,&quot;2&quot;:0,&quot;5&quot;:{&quot;1&quot;:2,&quot;2&quot;:0}},{&quot;1&quot;:0,&quot;2&quot;:0,&quot;3&quot;:3},{&quot;1&quot;:1,&quot;2&quot;:0,&quot;4&quot;:1}]},&quot;7&quot;:{&quot;1&quot;:[{&quot;1&quot;:2,&quot;2&quot;:0,&quot;5&quot;:{&quot;1&quot;:2,&quot;2&quot;:0}},{&quot;1&quot;:0,&quot;2&quot;:0,&quot;3&quot;:3},{&quot;1&quot;:1,&quot;2&quot;:0,&quot;4&quot;:1}]},&quot;8&quot;:{&quot;1&quot;:[{&quot;1&quot;:2,&quot;2&quot;:0,&quot;5&quot;:{&quot;1&quot;:2,&quot;2&quot;:0}},{&quot;1&quot;:0,&quot;2&quot;:0,&quot;3&quot;:3},{&quot;1&quot;:1,&quot;2&quot;:0,&quot;4&quot;:1}]},&quot;9&quot;:0,&quot;10&quot;:0,&quot;11&quot;:4,&quot;12&quot;:0,&quot;14&quot;:{&quot;1&quot;:3,&quot;3&quot;:1},&quot;15&quot;:&quot;Calibri&quot;,&quot;16&quot;:11}\">\u00c0 propos de l&rsquo;artiste<\/p>\n<p>Originaire du nord de l\u2019Ontario, Lise Gravel est une artiste multidisciplinaire et une ancienne enseignante d\u2019arts visuels au secondaire. Sa passion a toujours \u00e9t\u00e9 d\u2019inculquer aux jeunes la confiance en leur capacit\u00e9 cr\u00e9ative, laquelle est trop souvent \u00e9touff\u00e9e en vieillissant.<\/p>\n<p>Le dessin, l\u2019illustration \u00e0 l\u2019encre, l\u2019aquarelle, l\u2019acrylique et la photographie num\u00e9rique font partie des m\u00e9dias qu\u2019elle pr\u00e9f\u00e8re utiliser pour interpr\u00e9ter ce qu\u2019elle ressent. Ses \u0153uvres ont souvent \u00e9t\u00e9 influenc\u00e9es par la flore et la faune.<\/p>\n<p>Pour explorer ses oeuvres, visitez le www.lisegravel.com, le www.society6.com\/lisegravel ou suivez @lisegravel sur Instagram.<\/span><\/p>\n","protected":false},"excerpt":{"rendered":"<p><span data-sheets-root=\"1\" data-sheets-value=\"{&quot;1&quot;:2,&quot;2&quot;:&quot;Savourez votre caf\u00e9 du matin dans cette tasse de feu de camp en c\u00e9ramique de 16 oz et de couleur bleue cobalt! Le nom Bison du Nord ainsi qu'un dessin d'un bison r\u00e9alis\u00e9 par l'artiste Lise Gravel sont imprim\u00e9s sur la tasse. D'autres d\u00e9tails comprennent un int\u00e9rieur blanc, une gla\u00e7ure mouchet\u00e9e et un rebord noir. Emball\u00e9e dans une bo\u00eete cadeau individuelle ondul\u00e9e.&quot;}\" data-sheets-userformat=\"{&quot;2&quot;:15353,&quot;3&quot;:{&quot;1&quot;:0},&quot;6&quot;:{&quot;1&quot;:[{&quot;1&quot;:2,&quot;2&quot;:0,&quot;5&quot;:{&quot;1&quot;:2,&quot;2&quot;:0}},{&quot;1&quot;:0,&quot;2&quot;:0,&quot;3&quot;:3},{&quot;1&quot;:1,&quot;2&quot;:0,&quot;4&quot;:1}]},&quot;7&quot;:{&quot;1&quot;:[{&quot;1&quot;:2,&quot;2&quot;:0,&quot;5&quot;:{&quot;1&quot;:2,&quot;2&quot;:0}},{&quot;1&quot;:0,&quot;2&quot;:0,&quot;3&quot;:3},{&quot;1&quot;:1,&quot;2&quot;:0,&quot;4&quot;:1}]},&quot;8&quot;:{&quot;1&quot;:[{&quot;1&quot;:2,&quot;2&quot;:0,&quot;5&quot;:{&quot;1&quot;:2,&quot;2&quot;:0}},{&quot;1&quot;:0,&quot;2&quot;:0,&quot;3&quot;:3},{&quot;1&quot;:1,&quot;2&quot;:0,&quot;4&quot;:1}]},&quot;9&quot;:0,&quot;10&quot;:0,&quot;11&quot;:4,&quot;12&quot;:0,&quot;14&quot;:{&quot;1&quot;:3,&quot;3&quot;:1},&quot;15&quot;:&quot;Calibri&quot;,&quot;16&quot;:11}\">Savourez votre caf\u00e9 du matin dans cette tasse de feu de camp en c\u00e9ramique de 16 oz et de couleur bleue cobalt! Le nom Bison du Nord ainsi qu&rsquo;un dessin d&rsquo;un bison r\u00e9alis\u00e9 par l&rsquo;artiste Lise Gravel sont imprim\u00e9s sur la tasse. D&rsquo;autres d\u00e9tails comprennent un int\u00e9rieur blanc, une gla\u00e7ure mouchet\u00e9e et un rebord noir. Emball\u00e9e dans une bo\u00eete cadeau individuelle ondul\u00e9e.<\/span><\/p>\n","protected":false},"featured_media":10895,"template":"","meta":{"_seopress_robots_primary_cat":"","_seopress_titles_title":"Tasse de feu de camp Bison du Nord | Bison du Nord","_seopress_titles_desc":"La tasse \u00e0 feu de camp Bison du Nord est un ajout robuste et \u00e9l\u00e9gant \u00e0 votre collection d'articles de plein air. Parfait pour se r\u00e9chauffer au coin du feu !","_seopress_robots_index":"","generate_page_header":""},"product_brand":[],"product_cat":[117],"product_tag":[144,70,87],"class_list":{"0":"post-10264","1":"product","2":"type-product","3":"status-publish","4":"has-post-thumbnail","6":"product_cat-boissons","7":"product_tag-bison-du-nord-fr","8":"product_tag-lise-gravel-fr","9":"product_tag-verres-et-tasses","10":"sales-flash-overlay","11":"woocommerce-text-align-center","12":"woocommerce-image-align-center","13":"do-quantity-buttons","14":"wc-has-gallery","16":"first","17":"instock","18":"taxable","19":"shipping-taxable","20":"purchasable","21":"product-type-variable"},"_links":{"self":[{"href":"https:\/\/bisondunord.com\/fr\/wp-json\/wp\/v2\/product\/10264","targetHints":{"allow":["GET"]}}],"collection":[{"href":"https:\/\/bisondunord.com\/fr\/wp-json\/wp\/v2\/product"}],"about":[{"href":"https:\/\/bisondunord.com\/fr\/wp-json\/wp\/v2\/types\/product"}],"wp:featuredmedia":[{"embeddable":true,"href":"https:\/\/bisondunord.com\/fr\/wp-json\/wp\/v2\/media\/10895"}],"wp:attachment":[{"href":"https:\/\/bisondunord.com\/fr\/wp-json\/wp\/v2\/media?parent=10264"}],"wp:term":[{"taxonomy":"product_brand","embeddable":true,"href":"https:\/\/bisondunord.com\/fr\/wp-json\/wp\/v2\/product_brand?post=10264"},{"taxonomy":"product_cat","embeddable":true,"href":"https:\/\/bisondunord.com\/fr\/wp-json\/wp\/v2\/product_cat?post=10264"},{"taxonomy":"product_tag","embeddable":true,"href":"https:\/\/bisondunord.com\/fr\/wp-json\/wp\/v2\/product_tag?post=10264"}],"curies":[{"name":"wp","href":"https:\/\/api.w.org\/{rel}","templated":true}]}}