{"id":10273,"date":"2024-06-03T13:03:33","date_gmt":"2024-06-03T17:03:33","guid":{"rendered":"https:\/\/bisondunord.com\/product\/verre-a-biere-bison-du-nord\/"},"modified":"2024-07-05T12:01:29","modified_gmt":"2024-07-05T16:01:29","slug":"verre-a-biere-bison-du-nord","status":"publish","type":"product","link":"https:\/\/bisondunord.com\/fr\/produit\/verre-a-biere-bison-du-nord\/","title":{"rendered":"Verre \u00e0 bi\u00e8re Bison du Nord"},"content":{"rendered":"","protected":false},"excerpt":{"rendered":"<p>Portez un toast \u00e0 notre 50 anniversaire avec ce verre \u00e0 bi\u00e8re de 16 oz de style tulipe. Le logo de Bison du Nord et la date de cr\u00e9ation de notre ferme y sont imprim\u00e9s.<\/p>\n","protected":false},"featured_media":10879,"template":"","meta":{"_seopress_robots_primary_cat":"","_seopress_titles_title":"Verre \u00e0 bi\u00e8re - Verres - Bison du Nord","_seopress_titles_desc":"Quelle meilleure fa\u00e7on de boire de la bi\u00e8re qu'avec un verre \u00e0 bi\u00e8re Bison du Nord! Am\u00e9liorez le go\u00fbt de votre bi\u00e8re. Magasinez votre verre de bi\u00e8re Bison du Nord ici.","_seopress_robots_index":"","generate_page_header":""},"product_brand":[],"product_cat":[117],"product_tag":[144,87],"class_list":{"0":"post-10273","1":"product","2":"type-product","3":"status-publish","4":"has-post-thumbnail","6":"product_cat-boissons","7":"product_tag-bison-du-nord-fr","8":"product_tag-verres-et-tasses","9":"sales-flash-overlay","10":"woocommerce-text-align-center","11":"woocommerce-image-align-center","12":"do-quantity-buttons","13":"wc-has-gallery","15":"first","16":"instock","17":"taxable","18":"shipping-taxable","19":"purchasable","20":"product-type-simple"},"_links":{"self":[{"href":"https:\/\/bisondunord.com\/fr\/wp-json\/wp\/v2\/product\/10273","targetHints":{"allow":["GET"]}}],"collection":[{"href":"https:\/\/bisondunord.com\/fr\/wp-json\/wp\/v2\/product"}],"about":[{"href":"https:\/\/bisondunord.com\/fr\/wp-json\/wp\/v2\/types\/product"}],"wp:featuredmedia":[{"embeddable":true,"href":"https:\/\/bisondunord.com\/fr\/wp-json\/wp\/v2\/media\/10879"}],"wp:attachment":[{"href":"https:\/\/bisondunord.com\/fr\/wp-json\/wp\/v2\/media?parent=10273"}],"wp:term":[{"taxonomy":"product_brand","embeddable":true,"href":"https:\/\/bisondunord.com\/fr\/wp-json\/wp\/v2\/product_brand?post=10273"},{"taxonomy":"product_cat","embeddable":true,"href":"https:\/\/bisondunord.com\/fr\/wp-json\/wp\/v2\/product_cat?post=10273"},{"taxonomy":"product_tag","embeddable":true,"href":"https:\/\/bisondunord.com\/fr\/wp-json\/wp\/v2\/product_tag?post=10273"}],"curies":[{"name":"wp","href":"https:\/\/api.w.org\/{rel}","templated":true}]}}