{"id":10281,"date":"2024-06-03T13:03:33","date_gmt":"2024-06-03T17:03:33","guid":{"rendered":"https:\/\/bisondunord.com\/product\/decoration-de-noel-bison-du-nord\/"},"modified":"2024-07-05T12:05:03","modified_gmt":"2024-07-05T16:05:03","slug":"decoration-de-noel-bison-du-nord","status":"publish","type":"product","link":"https:\/\/bisondunord.com\/fr\/produit\/decoration-de-noel-bison-du-nord\/","title":{"rendered":"D\u00e9coration de No\u00ebl Bison du Nord"},"content":{"rendered":"","protected":false},"excerpt":{"rendered":"<p>Ajoutez un peu de magie \u00e0 votre arbre de No\u00ebl! Cette d\u00e9coration en bois en forme de bison comporte une ficelle et Bison du Nord y est grav\u00e9.<\/p>\n","protected":false},"featured_media":10897,"template":"","meta":{"_seopress_robots_primary_cat":"","_seopress_titles_title":"D\u00e9coration de No\u00ebl - Cadeaux et souvenirs - Bison du Nord","_seopress_titles_desc":"Embellissez votre sapin de No\u00ebl cette ann\u00e9e avec nos d\u00e9corations personnalis\u00e9s Bison du Nord.","_seopress_robots_index":"","generate_page_header":""},"product_brand":[],"product_cat":[114],"product_tag":[144,161,150],"class_list":{"0":"post-10281","1":"product","2":"type-product","3":"status-publish","4":"has-post-thumbnail","6":"product_cat-cadeaux-en-bois","7":"product_tag-bison-du-nord-fr","8":"product_tag-bois","9":"product_tag-temps-des-fetes","10":"sales-flash-overlay","11":"woocommerce-text-align-center","12":"woocommerce-image-align-center","13":"do-quantity-buttons","14":"wc-has-gallery","16":"first","17":"instock","18":"taxable","19":"shipping-taxable","20":"purchasable","21":"product-type-simple"},"_links":{"self":[{"href":"https:\/\/bisondunord.com\/fr\/wp-json\/wp\/v2\/product\/10281","targetHints":{"allow":["GET"]}}],"collection":[{"href":"https:\/\/bisondunord.com\/fr\/wp-json\/wp\/v2\/product"}],"about":[{"href":"https:\/\/bisondunord.com\/fr\/wp-json\/wp\/v2\/types\/product"}],"wp:featuredmedia":[{"embeddable":true,"href":"https:\/\/bisondunord.com\/fr\/wp-json\/wp\/v2\/media\/10897"}],"wp:attachment":[{"href":"https:\/\/bisondunord.com\/fr\/wp-json\/wp\/v2\/media?parent=10281"}],"wp:term":[{"taxonomy":"product_brand","embeddable":true,"href":"https:\/\/bisondunord.com\/fr\/wp-json\/wp\/v2\/product_brand?post=10281"},{"taxonomy":"product_cat","embeddable":true,"href":"https:\/\/bisondunord.com\/fr\/wp-json\/wp\/v2\/product_cat?post=10281"},{"taxonomy":"product_tag","embeddable":true,"href":"https:\/\/bisondunord.com\/fr\/wp-json\/wp\/v2\/product_tag?post=10281"}],"curies":[{"name":"wp","href":"https:\/\/api.w.org\/{rel}","templated":true}]}}