{"id":10289,"date":"2024-06-03T13:03:34","date_gmt":"2024-06-03T17:03:34","guid":{"rendered":"https:\/\/bisondunord.com\/product\/yoyo-bison-du-nord\/"},"modified":"2024-07-05T08:44:11","modified_gmt":"2024-07-05T12:44:11","slug":"yoyo-bison-du-nord","status":"publish","type":"product","link":"https:\/\/bisondunord.com\/fr\/produit\/yoyo-bison-du-nord\/","title":{"rendered":"Yoyo Bison du Nord"},"content":{"rendered":"","protected":false},"excerpt":{"rendered":"<p>\u00c9veillez l&rsquo;enfant qui sommeille en vous avec cet amusant yoyo en bois! Le nom de Bison du Nord et un bison y sont grav\u00e9s.<\/p>\n","protected":false},"featured_media":10899,"template":"","meta":{"_seopress_robots_primary_cat":"","_seopress_titles_title":"","_seopress_titles_desc":"D\u00e9couvrez le yoyo \u00e9l\u00e9gant de Bison du Nord, con\u00e7u pour les passionn\u00e9s. Fabriqu\u00e9 \u00e0 partir de mat\u00e9riaux de premi\u00e8re qualit\u00e9, il promet une rotation douce et satisfaisante \u00e0 chaque fois.","_seopress_robots_index":"","generate_page_header":""},"product_brand":[],"product_cat":[114],"product_tag":[144,161,159],"class_list":{"0":"post-10289","1":"product","2":"type-product","3":"status-publish","4":"has-post-thumbnail","6":"product_cat-cadeaux-en-bois","7":"product_tag-bison-du-nord-fr","8":"product_tag-bois","9":"product_tag-jouets","10":"sales-flash-overlay","11":"woocommerce-text-align-center","12":"woocommerce-image-align-center","13":"do-quantity-buttons","14":"wc-has-gallery","16":"first","17":"instock","18":"taxable","19":"shipping-taxable","20":"purchasable","21":"product-type-simple"},"_links":{"self":[{"href":"https:\/\/bisondunord.com\/fr\/wp-json\/wp\/v2\/product\/10289","targetHints":{"allow":["GET"]}}],"collection":[{"href":"https:\/\/bisondunord.com\/fr\/wp-json\/wp\/v2\/product"}],"about":[{"href":"https:\/\/bisondunord.com\/fr\/wp-json\/wp\/v2\/types\/product"}],"wp:featuredmedia":[{"embeddable":true,"href":"https:\/\/bisondunord.com\/fr\/wp-json\/wp\/v2\/media\/10899"}],"wp:attachment":[{"href":"https:\/\/bisondunord.com\/fr\/wp-json\/wp\/v2\/media?parent=10289"}],"wp:term":[{"taxonomy":"product_brand","embeddable":true,"href":"https:\/\/bisondunord.com\/fr\/wp-json\/wp\/v2\/product_brand?post=10289"},{"taxonomy":"product_cat","embeddable":true,"href":"https:\/\/bisondunord.com\/fr\/wp-json\/wp\/v2\/product_cat?post=10289"},{"taxonomy":"product_tag","embeddable":true,"href":"https:\/\/bisondunord.com\/fr\/wp-json\/wp\/v2\/product_tag?post=10289"}],"curies":[{"name":"wp","href":"https:\/\/api.w.org\/{rel}","templated":true}]}}