{"id":10297,"date":"2024-06-03T13:03:34","date_gmt":"2024-06-03T17:03:34","guid":{"rendered":"https:\/\/bisondunord.com\/product\/cadre-photo-en-bois-avec-bison\/"},"modified":"2024-07-05T08:21:47","modified_gmt":"2024-07-05T12:21:47","slug":"cadre-photo-en-bois-avec-bison","status":"publish","type":"product","link":"https:\/\/bisondunord.com\/fr\/produit\/cadre-photo-en-bois-avec-bison\/","title":{"rendered":"Cadre photo en bois avec bison"},"content":{"rendered":"","protected":false},"excerpt":{"rendered":"<p>Mettez en valeur vos souvenirs pr\u00e9f\u00e9r\u00e9s de votre visite \u00e0 la ferme et dans le Nord de l&rsquo;Ontario dans ce cadre photo 4X6 en bois fin bicolore. Earlton, Ontario et un bison y sont grav\u00e9s.<\/p>\n","protected":false},"featured_media":10901,"template":"","meta":{"_seopress_robots_primary_cat":"","_seopress_titles_title":"","_seopress_titles_desc":"Trouvez l'\u00e9l\u00e9gance avec le cadre photo en bois de bison de Bison du Nord, magnifiquement con\u00e7u pour mettre en valeur vos souvenirs les plus chers avec un style intemporel.","_seopress_robots_index":"","generate_page_header":""},"product_brand":[],"product_cat":[114],"product_tag":[144,161],"class_list":{"0":"post-10297","1":"product","2":"type-product","3":"status-publish","4":"has-post-thumbnail","6":"product_cat-cadeaux-en-bois","7":"product_tag-bison-du-nord-fr","8":"product_tag-bois","9":"sales-flash-overlay","10":"woocommerce-text-align-center","11":"woocommerce-image-align-center","12":"do-quantity-buttons","13":"wc-has-gallery","15":"first","16":"instock","17":"taxable","18":"shipping-taxable","19":"purchasable","20":"product-type-simple"},"_links":{"self":[{"href":"https:\/\/bisondunord.com\/fr\/wp-json\/wp\/v2\/product\/10297","targetHints":{"allow":["GET"]}}],"collection":[{"href":"https:\/\/bisondunord.com\/fr\/wp-json\/wp\/v2\/product"}],"about":[{"href":"https:\/\/bisondunord.com\/fr\/wp-json\/wp\/v2\/types\/product"}],"wp:featuredmedia":[{"embeddable":true,"href":"https:\/\/bisondunord.com\/fr\/wp-json\/wp\/v2\/media\/10901"}],"wp:attachment":[{"href":"https:\/\/bisondunord.com\/fr\/wp-json\/wp\/v2\/media?parent=10297"}],"wp:term":[{"taxonomy":"product_brand","embeddable":true,"href":"https:\/\/bisondunord.com\/fr\/wp-json\/wp\/v2\/product_brand?post=10297"},{"taxonomy":"product_cat","embeddable":true,"href":"https:\/\/bisondunord.com\/fr\/wp-json\/wp\/v2\/product_cat?post=10297"},{"taxonomy":"product_tag","embeddable":true,"href":"https:\/\/bisondunord.com\/fr\/wp-json\/wp\/v2\/product_tag?post=10297"}],"curies":[{"name":"wp","href":"https:\/\/api.w.org\/{rel}","templated":true}]}}