{"id":10303,"date":"2024-06-03T13:03:34","date_gmt":"2024-06-03T17:03:34","guid":{"rendered":"https:\/\/bisondunord.com\/product\/porte-cles-bison-avec-coutures\/"},"modified":"2024-07-05T07:28:19","modified_gmt":"2024-07-05T11:28:19","slug":"porte-cles-bison-avec-coutures","status":"publish","type":"product","link":"https:\/\/bisondunord.com\/fr\/produit\/porte-cles-bison-avec-coutures\/","title":{"rendered":"Porte-cl\u00e9s bison avec coutures"},"content":{"rendered":"","protected":false},"excerpt":{"rendered":"<p>Vous ne voudrez plus jamais perdre vos cl\u00e9s! Ce porte-cl\u00e9s en bois en forme de bison pr\u00e9sente des points de couture et des d\u00e9tails peints.<\/p>\n","protected":false},"featured_media":10927,"template":"","meta":{"_seopress_robots_primary_cat":"","_seopress_titles_title":"Porte-cl\u00e9s Bison cousu | Bison du Nord","_seopress_titles_desc":"D\u00e9couvrez le porte-cl\u00e9s Bison du Nord cousu de Bison ! Fabriqu\u00e9 avec du cuir de qualit\u00e9 et des points de couture d\u00e9taill\u00e9s, c'est un accessoire parfait pour un usage quotidien.","_seopress_robots_index":"","generate_page_header":""},"product_brand":[],"product_cat":[114],"product_tag":[161],"class_list":{"0":"post-10303","1":"product","2":"type-product","3":"status-publish","4":"has-post-thumbnail","6":"product_cat-cadeaux-en-bois","7":"product_tag-bois","8":"sales-flash-overlay","9":"woocommerce-text-align-center","10":"woocommerce-image-align-center","11":"do-quantity-buttons","12":"wc-has-gallery","14":"first","15":"instock","16":"taxable","17":"shipping-taxable","18":"purchasable","19":"product-type-variable"},"_links":{"self":[{"href":"https:\/\/bisondunord.com\/fr\/wp-json\/wp\/v2\/product\/10303","targetHints":{"allow":["GET"]}}],"collection":[{"href":"https:\/\/bisondunord.com\/fr\/wp-json\/wp\/v2\/product"}],"about":[{"href":"https:\/\/bisondunord.com\/fr\/wp-json\/wp\/v2\/types\/product"}],"wp:featuredmedia":[{"embeddable":true,"href":"https:\/\/bisondunord.com\/fr\/wp-json\/wp\/v2\/media\/10927"}],"wp:attachment":[{"href":"https:\/\/bisondunord.com\/fr\/wp-json\/wp\/v2\/media?parent=10303"}],"wp:term":[{"taxonomy":"product_brand","embeddable":true,"href":"https:\/\/bisondunord.com\/fr\/wp-json\/wp\/v2\/product_brand?post=10303"},{"taxonomy":"product_cat","embeddable":true,"href":"https:\/\/bisondunord.com\/fr\/wp-json\/wp\/v2\/product_cat?post=10303"},{"taxonomy":"product_tag","embeddable":true,"href":"https:\/\/bisondunord.com\/fr\/wp-json\/wp\/v2\/product_tag?post=10303"}],"curies":[{"name":"wp","href":"https:\/\/api.w.org\/{rel}","templated":true}]}}