{"id":10322,"date":"2024-06-03T13:03:34","date_gmt":"2024-06-03T17:03:34","guid":{"rendered":"https:\/\/bisondunord.com\/product\/collier-perle-glacee-en-forme-de-bison\/"},"modified":"2024-07-05T08:24:20","modified_gmt":"2024-07-05T12:24:20","slug":"collier-perle-glacee-en-forme-de-bison","status":"publish","type":"product","link":"https:\/\/bisondunord.com\/fr\/produit\/collier-perle-glacee-en-forme-de-bison\/","title":{"rendered":"Collier perle glac\u00e9e en forme de bison"},"content":{"rendered":"<p>Boucles d&rsquo;oreilles perle glac\u00e9e en forme de bison aussi disponibles. <\/p>\n","protected":false},"excerpt":{"rendered":"<p>Collier d\u00e9licat en forme de bison fabriqu\u00e9 avec des coquilles d&rsquo;ormeau issues de l&rsquo;agriculture durable. Pr\u00e9sent\u00e9 dans une bo\u00eete \u00e0 clapet, il s&rsquo;offre bien en cadeau.<\/p>\n","protected":false},"featured_media":11044,"template":"","meta":{"_seopress_robots_primary_cat":"","_seopress_titles_title":"","_seopress_titles_desc":"Un \u00e9l\u00e9gant collier de perles de bison glacier avec une perle unique. Un accessoire parfait pour toutes les occasions. Achetez maintenant chez Bison Du Nord.","_seopress_robots_index":"","generate_page_header":""},"product_brand":[],"product_cat":[116],"product_tag":[152],"class_list":{"0":"post-10322","1":"product","2":"type-product","3":"status-publish","4":"has-post-thumbnail","6":"product_cat-bijoux","7":"product_tag-bijoux","8":"sales-flash-overlay","9":"woocommerce-text-align-center","10":"woocommerce-image-align-center","11":"do-quantity-buttons","12":"wc-has-gallery","14":"first","15":"instock","16":"taxable","17":"shipping-taxable","18":"purchasable","19":"product-type-variable"},"_links":{"self":[{"href":"https:\/\/bisondunord.com\/fr\/wp-json\/wp\/v2\/product\/10322","targetHints":{"allow":["GET"]}}],"collection":[{"href":"https:\/\/bisondunord.com\/fr\/wp-json\/wp\/v2\/product"}],"about":[{"href":"https:\/\/bisondunord.com\/fr\/wp-json\/wp\/v2\/types\/product"}],"wp:featuredmedia":[{"embeddable":true,"href":"https:\/\/bisondunord.com\/fr\/wp-json\/wp\/v2\/media\/11044"}],"wp:attachment":[{"href":"https:\/\/bisondunord.com\/fr\/wp-json\/wp\/v2\/media?parent=10322"}],"wp:term":[{"taxonomy":"product_brand","embeddable":true,"href":"https:\/\/bisondunord.com\/fr\/wp-json\/wp\/v2\/product_brand?post=10322"},{"taxonomy":"product_cat","embeddable":true,"href":"https:\/\/bisondunord.com\/fr\/wp-json\/wp\/v2\/product_cat?post=10322"},{"taxonomy":"product_tag","embeddable":true,"href":"https:\/\/bisondunord.com\/fr\/wp-json\/wp\/v2\/product_tag?post=10322"}],"curies":[{"name":"wp","href":"https:\/\/api.w.org\/{rel}","templated":true}]}}