{"id":10330,"date":"2024-06-03T13:03:35","date_gmt":"2024-06-03T17:03:35","guid":{"rendered":"https:\/\/bisondunord.com\/product\/boite-en-bois-avec-image-de-bison-moyenne\/"},"modified":"2024-07-05T08:04:29","modified_gmt":"2024-07-05T12:04:29","slug":"boite-en-bois-avec-image-de-bison-moyenne","status":"publish","type":"product","link":"https:\/\/bisondunord.com\/fr\/produit\/boite-en-bois-avec-image-de-bison-moyenne\/","title":{"rendered":"Bo\u00eete en bois avec image de bison &#8211; moyenne"},"content":{"rendered":"<p>Bo\u00eete en bois avec image de bison de taille petite aussi disponible.<\/p>\n","protected":false},"excerpt":{"rendered":"<p>Rangez vos bijoux ou vos souvenirs pr\u00e9cieux dans cette bo\u00eete de taille moyenne. Fabriqu\u00e9e \u00e0 la main avec du bois exotique, elle pr\u00e9sente un magnifique motif de bison.<\/p>\n","protected":false},"featured_media":11048,"template":"","meta":{"_seopress_robots_primary_cat":"","_seopress_titles_title":"Bo\u00eete en bois Bison - Moyen | Bison du Nord","_seopress_titles_desc":"D\u00e9couvrez la bo\u00eete de bison en bois de taille moyenne de Bison du Nord, une charmante solution de rangement fabriqu\u00e9e en bois de qualit\u00e9, id\u00e9ale pour une d\u00e9coration d'int\u00e9rieur rustique.","_seopress_robots_index":"","generate_page_header":""},"product_brand":[],"product_cat":[114],"product_tag":[161],"class_list":{"0":"post-10330","1":"product","2":"type-product","3":"status-publish","4":"has-post-thumbnail","6":"product_cat-cadeaux-en-bois","7":"product_tag-bois","8":"sales-flash-overlay","9":"woocommerce-text-align-center","10":"woocommerce-image-align-center","11":"do-quantity-buttons","12":"wc-has-gallery","14":"first","15":"instock","16":"taxable","17":"shipping-taxable","18":"purchasable","19":"product-type-variable"},"_links":{"self":[{"href":"https:\/\/bisondunord.com\/fr\/wp-json\/wp\/v2\/product\/10330","targetHints":{"allow":["GET"]}}],"collection":[{"href":"https:\/\/bisondunord.com\/fr\/wp-json\/wp\/v2\/product"}],"about":[{"href":"https:\/\/bisondunord.com\/fr\/wp-json\/wp\/v2\/types\/product"}],"wp:featuredmedia":[{"embeddable":true,"href":"https:\/\/bisondunord.com\/fr\/wp-json\/wp\/v2\/media\/11048"}],"wp:attachment":[{"href":"https:\/\/bisondunord.com\/fr\/wp-json\/wp\/v2\/media?parent=10330"}],"wp:term":[{"taxonomy":"product_brand","embeddable":true,"href":"https:\/\/bisondunord.com\/fr\/wp-json\/wp\/v2\/product_brand?post=10330"},{"taxonomy":"product_cat","embeddable":true,"href":"https:\/\/bisondunord.com\/fr\/wp-json\/wp\/v2\/product_cat?post=10330"},{"taxonomy":"product_tag","embeddable":true,"href":"https:\/\/bisondunord.com\/fr\/wp-json\/wp\/v2\/product_tag?post=10330"}],"curies":[{"name":"wp","href":"https:\/\/api.w.org\/{rel}","templated":true}]}}