{"id":10338,"date":"2024-06-03T13:03:35","date_gmt":"2024-06-03T17:03:35","guid":{"rendered":"https:\/\/bisondunord.com\/product\/sculpture-de-bison-en-bois-moyenne\/"},"modified":"2024-07-05T07:33:19","modified_gmt":"2024-07-05T11:33:19","slug":"sculpture-de-bison-en-bois-moyenne","status":"publish","type":"product","link":"https:\/\/bisondunord.com\/fr\/produit\/sculpture-de-bison-en-bois-moyenne\/","title":{"rendered":"Sculpture de bison en bois &#8211; moyenne"},"content":{"rendered":"<p>Sculpture de bison en bois de petite taille aussi disponible.<\/p>\n","protected":false},"excerpt":{"rendered":"<p>Ajoutez du bison \u00e0 votre d\u00e9cor avec cette magnifique sculpture en bois de taille moyenne.<\/p>\n","protected":false},"featured_media":11050,"template":"","meta":{"_seopress_robots_primary_cat":"","_seopress_titles_title":"Sculpture Bison en bois - Moyen | Bison du Nord","_seopress_titles_desc":"Am\u00e9liorez votre espace avec une sculpture de bison en bois de taille moyenne de Bison du Nord, con\u00e7ue pour apporter un charme naturel et une beaut\u00e9 artisanale \u00e0 n'importe quel environnement.","_seopress_robots_index":"","generate_page_header":""},"product_brand":[],"product_cat":[114],"product_tag":[161],"class_list":{"0":"post-10338","1":"product","2":"type-product","3":"status-publish","4":"has-post-thumbnail","6":"product_cat-cadeaux-en-bois","7":"product_tag-bois","8":"sales-flash-overlay","9":"woocommerce-text-align-center","10":"woocommerce-image-align-center","11":"do-quantity-buttons","12":"wc-has-gallery","14":"first","15":"outofstock","16":"taxable","17":"shipping-taxable","18":"purchasable","19":"product-type-variable"},"_links":{"self":[{"href":"https:\/\/bisondunord.com\/fr\/wp-json\/wp\/v2\/product\/10338","targetHints":{"allow":["GET"]}}],"collection":[{"href":"https:\/\/bisondunord.com\/fr\/wp-json\/wp\/v2\/product"}],"about":[{"href":"https:\/\/bisondunord.com\/fr\/wp-json\/wp\/v2\/types\/product"}],"wp:featuredmedia":[{"embeddable":true,"href":"https:\/\/bisondunord.com\/fr\/wp-json\/wp\/v2\/media\/11050"}],"wp:attachment":[{"href":"https:\/\/bisondunord.com\/fr\/wp-json\/wp\/v2\/media?parent=10338"}],"wp:term":[{"taxonomy":"product_brand","embeddable":true,"href":"https:\/\/bisondunord.com\/fr\/wp-json\/wp\/v2\/product_brand?post=10338"},{"taxonomy":"product_cat","embeddable":true,"href":"https:\/\/bisondunord.com\/fr\/wp-json\/wp\/v2\/product_cat?post=10338"},{"taxonomy":"product_tag","embeddable":true,"href":"https:\/\/bisondunord.com\/fr\/wp-json\/wp\/v2\/product_tag?post=10338"}],"curies":[{"name":"wp","href":"https:\/\/api.w.org\/{rel}","templated":true}]}}