{"id":10349,"date":"2024-06-03T13:03:35","date_gmt":"2024-06-03T17:03:35","guid":{"rendered":"https:\/\/bisondunord.com\/product\/signet-de-bison-en-bois\/"},"modified":"2024-07-05T08:39:54","modified_gmt":"2024-07-05T12:39:54","slug":"signet-de-bison-en-bois","status":"publish","type":"product","link":"https:\/\/bisondunord.com\/fr\/produit\/signet-de-bison-en-bois\/","title":{"rendered":"Signet de bison en bois"},"content":{"rendered":"","protected":false},"excerpt":{"rendered":"<p>Agr\u00e9menter votre roman pr\u00e9f\u00e9r\u00e9 ou votre manuel d&rsquo;\u00e9levage de bisons avec ce joli signet en bois coiff\u00e9 d&rsquo;un petit bison.<\/p>\n","protected":false},"featured_media":10955,"template":"","meta":{"_seopress_robots_primary_cat":"","_seopress_titles_title":"","_seopress_titles_desc":"D\u00e9couvrez un charmant marque-page en bois de bison chez Bison du Nord : fabriqu\u00e9 \u00e0 la main \u00e0 partir de bois de qualit\u00e9, il est parfait pour votre prochaine aventure de lecture !","_seopress_robots_index":"","generate_page_header":""},"product_brand":[],"product_cat":[114],"product_tag":[161,145],"class_list":{"0":"post-10349","1":"product","2":"type-product","3":"status-publish","4":"has-post-thumbnail","6":"product_cat-cadeaux-en-bois","7":"product_tag-bois","8":"product_tag-livres","9":"sales-flash-overlay","10":"woocommerce-text-align-center","11":"woocommerce-image-align-center","12":"do-quantity-buttons","13":"wc-has-gallery","15":"first","16":"instock","17":"taxable","18":"shipping-taxable","19":"purchasable","20":"product-type-simple"},"_links":{"self":[{"href":"https:\/\/bisondunord.com\/fr\/wp-json\/wp\/v2\/product\/10349","targetHints":{"allow":["GET"]}}],"collection":[{"href":"https:\/\/bisondunord.com\/fr\/wp-json\/wp\/v2\/product"}],"about":[{"href":"https:\/\/bisondunord.com\/fr\/wp-json\/wp\/v2\/types\/product"}],"wp:featuredmedia":[{"embeddable":true,"href":"https:\/\/bisondunord.com\/fr\/wp-json\/wp\/v2\/media\/10955"}],"wp:attachment":[{"href":"https:\/\/bisondunord.com\/fr\/wp-json\/wp\/v2\/media?parent=10349"}],"wp:term":[{"taxonomy":"product_brand","embeddable":true,"href":"https:\/\/bisondunord.com\/fr\/wp-json\/wp\/v2\/product_brand?post=10349"},{"taxonomy":"product_cat","embeddable":true,"href":"https:\/\/bisondunord.com\/fr\/wp-json\/wp\/v2\/product_cat?post=10349"},{"taxonomy":"product_tag","embeddable":true,"href":"https:\/\/bisondunord.com\/fr\/wp-json\/wp\/v2\/product_tag?post=10349"}],"curies":[{"name":"wp","href":"https:\/\/api.w.org\/{rel}","templated":true}]}}