{"id":10363,"date":"2024-06-03T13:03:36","date_gmt":"2024-06-03T17:03:36","guid":{"rendered":"https:\/\/bisondunord.com\/product\/hommage-au-bison-une-legende-des-cris-des-plaines\/"},"modified":"2024-07-05T07:23:01","modified_gmt":"2024-07-05T11:23:01","slug":"hommage-au-bison-une-legende-des-cris-des-plaines","status":"publish","type":"product","link":"https:\/\/bisondunord.com\/fr\/produit\/hommage-au-bison-une-legende-des-cris-des-plaines\/","title":{"rendered":"Hommage au bison : Une l\u00e9gende des Cris des Plaines"},"content":{"rendered":"<p>Racont\u00e9e par: Ray Lavallee<br \/>\n\u00c9crite par: Judith Silverthorne<br \/>\nIllustr\u00e9e par: Mike Keepness<\/p>\n<p>La version anglaise de cette oeuvre, Honouring the Buffalo: A Plains Cree Legend, est aussi disponible.<\/p>\n","protected":false},"excerpt":{"rendered":"<p>Cette l\u00e9gende ancestrale relate la fa\u00e7on dont le bison est devenu un animal sacr\u00e9 pour les Cris. \u00ab Je vais m\u2019offrir \u00e0 eux, dit le Bison. Je vais leur permettre d\u2019utiliser toutes les parties de mon corps, car elles se valent toutes. \u00bb<\/p>\n<p>\u00c0 travers le Cr\u00e9ateur, le bison s\u2019est offert en cadeau au peuple cri des Plaines pour lui procurer protection, nourriture, gu\u00e9rison et bien d\u2019autres choses utiles \u00e0 sa survie.<\/p>\n<p>Oeuvre publi\u00e9e par Les \u00c9ditions de la nouvelle plume.<\/p>\n","protected":false},"featured_media":10907,"template":"","meta":{"_seopress_robots_primary_cat":"","_seopress_titles_title":"Hommage au bison : Une l\u00e9gende des Cris des Plaines | Bison du Nord","_seopress_titles_desc":"Explorez \"Hommage au Bison\", une repr\u00e9sentation l\u00e9gendaire de l'art des Cris des Plaines, qui incarne l'esprit du bison \u00e0 travers un symbolisme culturel vibrant.","_seopress_robots_index":"","generate_page_header":""},"product_brand":[],"product_cat":[113],"product_tag":[145,146],"class_list":{"0":"post-10363","1":"product","2":"type-product","3":"status-publish","4":"has-post-thumbnail","6":"product_cat-livres","7":"product_tag-livres","8":"product_tag-ressources-pedagogiques","9":"sales-flash-overlay","10":"woocommerce-text-align-center","11":"woocommerce-image-align-center","12":"do-quantity-buttons","13":"wc-has-gallery","15":"first","16":"instock","17":"taxable","18":"shipping-taxable","19":"purchasable","20":"product-type-simple"},"_links":{"self":[{"href":"https:\/\/bisondunord.com\/fr\/wp-json\/wp\/v2\/product\/10363","targetHints":{"allow":["GET"]}}],"collection":[{"href":"https:\/\/bisondunord.com\/fr\/wp-json\/wp\/v2\/product"}],"about":[{"href":"https:\/\/bisondunord.com\/fr\/wp-json\/wp\/v2\/types\/product"}],"wp:featuredmedia":[{"embeddable":true,"href":"https:\/\/bisondunord.com\/fr\/wp-json\/wp\/v2\/media\/10907"}],"wp:attachment":[{"href":"https:\/\/bisondunord.com\/fr\/wp-json\/wp\/v2\/media?parent=10363"}],"wp:term":[{"taxonomy":"product_brand","embeddable":true,"href":"https:\/\/bisondunord.com\/fr\/wp-json\/wp\/v2\/product_brand?post=10363"},{"taxonomy":"product_cat","embeddable":true,"href":"https:\/\/bisondunord.com\/fr\/wp-json\/wp\/v2\/product_cat?post=10363"},{"taxonomy":"product_tag","embeddable":true,"href":"https:\/\/bisondunord.com\/fr\/wp-json\/wp\/v2\/product_tag?post=10363"}],"curies":[{"name":"wp","href":"https:\/\/api.w.org\/{rel}","templated":true}]}}