{"id":10371,"date":"2024-06-03T13:03:36","date_gmt":"2024-06-03T17:03:36","guid":{"rendered":"https:\/\/bisondunord.com\/product\/the-ecological-buffalo-on-the-trail-of-a-keystone-species\/"},"modified":"2024-07-05T11:55:59","modified_gmt":"2024-07-05T15:55:59","slug":"the-ecological-buffalo-on-the-trail-of-a-keystone-species","status":"publish","type":"product","link":"https:\/\/bisondunord.com\/fr\/produit\/the-ecological-buffalo-on-the-trail-of-a-keystone-species\/","title":{"rendered":"The Ecological Buffalo: On the Trail of a Keystone Species"},"content":{"rendered":"<p>Auteur: Wes Olson<br \/>\nPhotographe: Johane Janelle<\/p>\n","protected":false},"excerpt":{"rendered":"<p>Bas\u00e9 sur les trente-cinq ann\u00e9es de travail intime de l&rsquo;auteur Wes Olson avec les bisons &#8211; et comprenant 180 magnifiques photographies en couleur de Johane Janelle &#8211; The Ecological Buffalo est une histoire qui emm\u00e8ne le lecteur dans un voyage pour comprendre la myriade de liens entre cette esp\u00e8ce cl\u00e9 et les Grandes Plaines.<\/p>\n<p>Oeuvre publi\u00e9e en anglais par la University of Regina Press.<\/p>\n","protected":false},"featured_media":10909,"template":"","meta":{"_seopress_robots_primary_cat":"","_seopress_titles_title":"Le buffle \u00e9cologique | Bison du Nord","_seopress_titles_desc":"Le bison \u00e9cologique est une histoire qui emm\u00e8ne le lecteur dans un voyage pour comprendre la myriade des relations que cette esp\u00e8ce cl\u00e9 entretient avec les Grandes Plaines.","_seopress_robots_index":"","generate_page_header":""},"product_brand":[],"product_cat":[113],"product_tag":[145,146],"class_list":{"0":"post-10371","1":"product","2":"type-product","3":"status-publish","4":"has-post-thumbnail","6":"product_cat-livres","7":"product_tag-livres","8":"product_tag-ressources-pedagogiques","9":"sales-flash-overlay","10":"woocommerce-text-align-center","11":"woocommerce-image-align-center","12":"do-quantity-buttons","13":"wc-has-gallery","15":"first","16":"instock","17":"taxable","18":"shipping-taxable","19":"purchasable","20":"product-type-simple"},"_links":{"self":[{"href":"https:\/\/bisondunord.com\/fr\/wp-json\/wp\/v2\/product\/10371","targetHints":{"allow":["GET"]}}],"collection":[{"href":"https:\/\/bisondunord.com\/fr\/wp-json\/wp\/v2\/product"}],"about":[{"href":"https:\/\/bisondunord.com\/fr\/wp-json\/wp\/v2\/types\/product"}],"wp:featuredmedia":[{"embeddable":true,"href":"https:\/\/bisondunord.com\/fr\/wp-json\/wp\/v2\/media\/10909"}],"wp:attachment":[{"href":"https:\/\/bisondunord.com\/fr\/wp-json\/wp\/v2\/media?parent=10371"}],"wp:term":[{"taxonomy":"product_brand","embeddable":true,"href":"https:\/\/bisondunord.com\/fr\/wp-json\/wp\/v2\/product_brand?post=10371"},{"taxonomy":"product_cat","embeddable":true,"href":"https:\/\/bisondunord.com\/fr\/wp-json\/wp\/v2\/product_cat?post=10371"},{"taxonomy":"product_tag","embeddable":true,"href":"https:\/\/bisondunord.com\/fr\/wp-json\/wp\/v2\/product_tag?post=10371"}],"curies":[{"name":"wp","href":"https:\/\/api.w.org\/{rel}","templated":true}]}}