{"id":10388,"date":"2024-06-03T13:03:36","date_gmt":"2024-06-03T17:03:36","guid":{"rendered":"https:\/\/bisondunord.com\/product\/aimant-bison-du-nord\/"},"modified":"2024-07-05T08:18:47","modified_gmt":"2024-07-05T12:18:47","slug":"aimant-bison-du-nord","status":"publish","type":"product","link":"https:\/\/bisondunord.com\/fr\/produit\/aimant-bison-du-nord\/","title":{"rendered":"Aimant Bison du Nord"},"content":{"rendered":"","protected":false},"excerpt":{"rendered":"<p>Cet aimant en bois en forme de bison fait un joli souvenir. Bison du Nord y est grav\u00e9.<\/p>\n","protected":false},"featured_media":10911,"template":"","meta":{"_seopress_robots_primary_cat":"","_seopress_titles_title":"","_seopress_titles_desc":"Achetez l'aimant Bison du Nord, un ajout charmant \u00e0 toute collection. Parfait pour le r\u00e9frig\u00e9rateur ou le casier, il capture l'essence de la nature canadienne.","_seopress_robots_index":"","generate_page_header":""},"product_brand":[],"product_cat":[114],"product_tag":[144,161],"class_list":{"0":"post-10388","1":"product","2":"type-product","3":"status-publish","4":"has-post-thumbnail","6":"product_cat-cadeaux-en-bois","7":"product_tag-bison-du-nord-fr","8":"product_tag-bois","9":"sales-flash-overlay","10":"woocommerce-text-align-center","11":"woocommerce-image-align-center","12":"do-quantity-buttons","13":"wc-has-gallery","15":"first","16":"instock","17":"taxable","18":"shipping-taxable","19":"purchasable","20":"product-type-simple"},"_links":{"self":[{"href":"https:\/\/bisondunord.com\/fr\/wp-json\/wp\/v2\/product\/10388","targetHints":{"allow":["GET"]}}],"collection":[{"href":"https:\/\/bisondunord.com\/fr\/wp-json\/wp\/v2\/product"}],"about":[{"href":"https:\/\/bisondunord.com\/fr\/wp-json\/wp\/v2\/types\/product"}],"wp:featuredmedia":[{"embeddable":true,"href":"https:\/\/bisondunord.com\/fr\/wp-json\/wp\/v2\/media\/10911"}],"wp:attachment":[{"href":"https:\/\/bisondunord.com\/fr\/wp-json\/wp\/v2\/media?parent=10388"}],"wp:term":[{"taxonomy":"product_brand","embeddable":true,"href":"https:\/\/bisondunord.com\/fr\/wp-json\/wp\/v2\/product_brand?post=10388"},{"taxonomy":"product_cat","embeddable":true,"href":"https:\/\/bisondunord.com\/fr\/wp-json\/wp\/v2\/product_cat?post=10388"},{"taxonomy":"product_tag","embeddable":true,"href":"https:\/\/bisondunord.com\/fr\/wp-json\/wp\/v2\/product_tag?post=10388"}],"curies":[{"name":"wp","href":"https:\/\/api.w.org\/{rel}","templated":true}]}}