{"id":10402,"date":"2024-06-03T13:03:37","date_gmt":"2024-06-03T17:03:37","guid":{"rendered":"https:\/\/bisondunord.com\/product\/trousse-dart-pour-bison-3d\/"},"modified":"2024-07-05T07:54:21","modified_gmt":"2024-07-05T11:54:21","slug":"trousse-dart-pour-bison-3d","status":"publish","type":"product","link":"https:\/\/bisondunord.com\/fr\/produit\/trousse-dart-pour-bison-3d\/","title":{"rendered":"Trousse d&rsquo;art pour bison 3D"},"content":{"rendered":"<p>Ce kit comprend :<br \/>\n&#8211; 4 couches<br \/>\n&#8211; Fabriqu\u00e9 \u00e0 partir de bois de premi\u00e8re qualit\u00e9 1\/8\u2033.<br \/>\n&#8211; La pi\u00e8ce d&rsquo;art est livr\u00e9e non peinte<br \/>\n&#8211; 8 peintures incluses (.35oz chaque couleur)<br \/>\n&#8211; 3 pinceaux<br \/>\n&#8211; 1 bouteille de colle \u00e0 bois (2oz) fournie pour fixer les pi\u00e8ces<br \/>\n&#8211; Instructions \u00e9tape par \u00e9tape<br \/>\n&#8211; Guide de m\u00e9lange des couleurs<br \/>\n&#8211; Emballage \u00e9cologique<br \/>\n&#8211; I\u00e9es de bricolage \u00e0 base de cacahu\u00e8tes biod\u00e9gradables utilis\u00e9es pour l&#8217;emballage<br \/>\n&#8211; Taille finale 24cm x 16,5cm.<\/p>\n","protected":false},"excerpt":{"rendered":"<p>Amusez-vous \u00e0 cr\u00e9er votre bison 3D \u00e0 4 couches. Instructions imag\u00e9es incluses. Trousse con\u00e7ue, d\u00e9coup\u00e9e au laser et emball\u00e9e localement par l&rsquo;\u00e9quipe de la McTavish Academy Of Art \u00e0 North Saanich, C.-B.. <\/p>\n","protected":false},"featured_media":10881,"template":"","meta":{"_seopress_robots_primary_cat":"none","_seopress_titles_title":"3D Bison ensemble d'art | Bison du Nord","_seopress_titles_desc":"Visitez Bison du Nord pour obtenir un ensemble d'art sur le bison en 3D, qui vous permettra de cr\u00e9er chez vous une \u00e9tonnante sculpture de bison \u00e0 l'aide de mat\u00e9riaux respectueux de l'environnement.","_seopress_robots_index":"","generate_page_header":""},"product_brand":[],"product_cat":[107],"product_tag":[141,161],"class_list":{"0":"post-10402","1":"product","2":"type-product","3":"status-publish","4":"has-post-thumbnail","6":"product_cat-cadeaux-et-souvenirs","7":"product_tag-art-fr","8":"product_tag-bois","9":"sales-flash-overlay","10":"woocommerce-text-align-center","11":"woocommerce-image-align-center","12":"do-quantity-buttons","13":"wc-has-gallery","15":"first","16":"instock","17":"taxable","18":"shipping-taxable","19":"purchasable","20":"product-type-simple"},"_links":{"self":[{"href":"https:\/\/bisondunord.com\/fr\/wp-json\/wp\/v2\/product\/10402","targetHints":{"allow":["GET"]}}],"collection":[{"href":"https:\/\/bisondunord.com\/fr\/wp-json\/wp\/v2\/product"}],"about":[{"href":"https:\/\/bisondunord.com\/fr\/wp-json\/wp\/v2\/types\/product"}],"wp:featuredmedia":[{"embeddable":true,"href":"https:\/\/bisondunord.com\/fr\/wp-json\/wp\/v2\/media\/10881"}],"wp:attachment":[{"href":"https:\/\/bisondunord.com\/fr\/wp-json\/wp\/v2\/media?parent=10402"}],"wp:term":[{"taxonomy":"product_brand","embeddable":true,"href":"https:\/\/bisondunord.com\/fr\/wp-json\/wp\/v2\/product_brand?post=10402"},{"taxonomy":"product_cat","embeddable":true,"href":"https:\/\/bisondunord.com\/fr\/wp-json\/wp\/v2\/product_cat?post=10402"},{"taxonomy":"product_tag","embeddable":true,"href":"https:\/\/bisondunord.com\/fr\/wp-json\/wp\/v2\/product_tag?post=10402"}],"curies":[{"name":"wp","href":"https:\/\/api.w.org\/{rel}","templated":true}]}}