{"id":10412,"date":"2024-06-03T13:03:43","date_gmt":"2024-06-03T17:03:43","guid":{"rendered":"https:\/\/bisondunord.com\/product\/enseigne-en-bois-avec-bison\/"},"modified":"2024-07-05T07:18:50","modified_gmt":"2024-07-05T11:18:50","slug":"enseigne-en-bois-avec-bison","status":"publish","type":"product","link":"https:\/\/bisondunord.com\/fr\/produit\/enseigne-en-bois-avec-bison\/","title":{"rendered":"Enseigne en bois avec bison"},"content":{"rendered":"<p>\u00c0 propos du fournisseur<\/p>\n<p>Situ\u00e9e \u00e0 Temiskaming Shores, la petite entreprise December Pine se sp\u00e9cialise dans les enseignes en bois faites \u00e0 la main et personnalis\u00e9es. Visitez le site www.decemberpine.com pour d&rsquo;autres superbes produits!<\/p>\n","protected":false},"excerpt":{"rendered":"<p>Enseigne carr\u00e9e de 5,5 pouces \u00e0 poser sur une \u00e9tag\u00e8re. Fabriqu\u00e9e avec du contreplaqu\u00e9 de bouleau de qualit\u00e9, peint en blanc avec une silhouette de bison peinte en noir. Encadrement en pin et teint\u00e9 (noyer fonc\u00e9, \u00e9b\u00e8ne et provincial).<\/p>\n","protected":false},"featured_media":10921,"template":"","meta":{"_seopress_robots_primary_cat":"none","_seopress_titles_title":"Bison du Nord \u00e9tag\u00e8re de Bison autonome | Bison du Nord","_seopress_titles_desc":"Visitez Bison du Nord pour l'enseigne d'\u00e9tag\u00e8re autonome en forme de bison, un ajout \u00e9l\u00e9gant \u00e0 votre d\u00e9cor qui combine le charme rustique et l'\u00e9l\u00e9gance moderne.","_seopress_robots_index":"","generate_page_header":""},"product_brand":[],"product_cat":[114],"product_tag":[161,151],"class_list":{"0":"post-10412","1":"product","2":"type-product","3":"status-publish","4":"has-post-thumbnail","6":"product_cat-cadeaux-en-bois","7":"product_tag-bois","8":"product_tag-maison","9":"sales-flash-overlay","10":"woocommerce-text-align-center","11":"woocommerce-image-align-center","12":"do-quantity-buttons","13":"wc-has-gallery","15":"first","16":"instock","17":"taxable","18":"shipping-taxable","19":"purchasable","20":"product-type-variable"},"_links":{"self":[{"href":"https:\/\/bisondunord.com\/fr\/wp-json\/wp\/v2\/product\/10412","targetHints":{"allow":["GET"]}}],"collection":[{"href":"https:\/\/bisondunord.com\/fr\/wp-json\/wp\/v2\/product"}],"about":[{"href":"https:\/\/bisondunord.com\/fr\/wp-json\/wp\/v2\/types\/product"}],"wp:featuredmedia":[{"embeddable":true,"href":"https:\/\/bisondunord.com\/fr\/wp-json\/wp\/v2\/media\/10921"}],"wp:attachment":[{"href":"https:\/\/bisondunord.com\/fr\/wp-json\/wp\/v2\/media?parent=10412"}],"wp:term":[{"taxonomy":"product_brand","embeddable":true,"href":"https:\/\/bisondunord.com\/fr\/wp-json\/wp\/v2\/product_brand?post=10412"},{"taxonomy":"product_cat","embeddable":true,"href":"https:\/\/bisondunord.com\/fr\/wp-json\/wp\/v2\/product_cat?post=10412"},{"taxonomy":"product_tag","embeddable":true,"href":"https:\/\/bisondunord.com\/fr\/wp-json\/wp\/v2\/product_tag?post=10412"}],"curies":[{"name":"wp","href":"https:\/\/api.w.org\/{rel}","templated":true}]}}