{"id":10421,"date":"2024-06-03T13:03:37","date_gmt":"2024-06-03T17:03:37","guid":{"rendered":"https:\/\/bisondunord.com\/product\/decoration-de-noel-de-bison-en-laiton\/"},"modified":"2024-07-05T07:13:37","modified_gmt":"2024-07-05T11:13:37","slug":"decoration-de-noel-de-bison-en-laiton","status":"publish","type":"product","link":"https:\/\/bisondunord.com\/fr\/produit\/decoration-de-noel-de-bison-en-laiton\/","title":{"rendered":"D\u00e9coration de No\u00ebl de bison en laiton"},"content":{"rendered":"","protected":false},"excerpt":{"rendered":"<p>Ajoutez un peu de magie \u00e0 votre arbre de No\u00ebl! Cette d\u00e9coration en laiton comporte une image de bison et une banni\u00e8re sur laquelle on peut lire \u00ab\u00a0Earlton, Ontario\u00a0\u00bb.<\/p>\n","protected":false},"featured_media":10937,"template":"","meta":{"_seopress_robots_primary_cat":"none","_seopress_titles_title":"D\u00e9coration intemporelle en laiton | Bison du Nord","_seopress_titles_desc":"","_seopress_robots_index":"","generate_page_header":""},"product_brand":[],"product_cat":[107],"product_tag":[150],"class_list":{"0":"post-10421","1":"product","2":"type-product","3":"status-publish","4":"has-post-thumbnail","6":"product_cat-cadeaux-et-souvenirs","7":"product_tag-temps-des-fetes","8":"sales-flash-overlay","9":"woocommerce-text-align-center","10":"woocommerce-image-align-center","11":"do-quantity-buttons","12":"wc-has-gallery","14":"first","15":"instock","16":"taxable","17":"shipping-taxable","18":"purchasable","19":"product-type-simple"},"_links":{"self":[{"href":"https:\/\/bisondunord.com\/fr\/wp-json\/wp\/v2\/product\/10421","targetHints":{"allow":["GET"]}}],"collection":[{"href":"https:\/\/bisondunord.com\/fr\/wp-json\/wp\/v2\/product"}],"about":[{"href":"https:\/\/bisondunord.com\/fr\/wp-json\/wp\/v2\/types\/product"}],"wp:featuredmedia":[{"embeddable":true,"href":"https:\/\/bisondunord.com\/fr\/wp-json\/wp\/v2\/media\/10937"}],"wp:attachment":[{"href":"https:\/\/bisondunord.com\/fr\/wp-json\/wp\/v2\/media?parent=10421"}],"wp:term":[{"taxonomy":"product_brand","embeddable":true,"href":"https:\/\/bisondunord.com\/fr\/wp-json\/wp\/v2\/product_brand?post=10421"},{"taxonomy":"product_cat","embeddable":true,"href":"https:\/\/bisondunord.com\/fr\/wp-json\/wp\/v2\/product_cat?post=10421"},{"taxonomy":"product_tag","embeddable":true,"href":"https:\/\/bisondunord.com\/fr\/wp-json\/wp\/v2\/product_tag?post=10421"}],"curies":[{"name":"wp","href":"https:\/\/api.w.org\/{rel}","templated":true}]}}