{"id":10429,"date":"2024-06-03T13:03:37","date_gmt":"2024-06-03T17:03:37","guid":{"rendered":"https:\/\/bisondunord.com\/product\/cahier-dactivites-pour-enfants-bison-du-nord\/"},"modified":"2024-07-05T07:10:50","modified_gmt":"2024-07-05T11:10:50","slug":"cahier-dactivites-pour-enfants-bison-du-nord","status":"publish","type":"product","link":"https:\/\/bisondunord.com\/fr\/produit\/cahier-dactivites-pour-enfants-bison-du-nord\/","title":{"rendered":"Cahier d&rsquo;activit\u00e9s pour enfants Bison du Nord"},"content":{"rendered":"","protected":false},"excerpt":{"rendered":"<p>Rencontrez Earl le bison et apprenez-en plus sur cet animal impressionnant gr\u00e2ce \u00e0 des faits amusants, des jeux et des pages \u00e0 colorier. Livre d&rsquo;activit\u00e9s bilingue (recto verso, 18 pages). Paquet de crayons de cire inclus.<\/p>\n","protected":false},"featured_media":10913,"template":"","meta":{"_seopress_robots_primary_cat":"","_seopress_titles_title":"Livres d'activit\u00e9s Bisson du Nord pour enfants | Bison du Nord","_seopress_titles_desc":"Un livre d'activit\u00e9s rempli de pages \u00e0 colorier et de jeux pour d\u00e9couvrir le monde merveilleux des bisons. Un contenu bilingue qui amusera les enfants.","_seopress_robots_index":"","generate_page_header":""},"product_brand":[],"product_cat":[113],"product_tag":[144,146],"class_list":{"0":"post-10429","1":"product","2":"type-product","3":"status-publish","4":"has-post-thumbnail","6":"product_cat-livres","7":"product_tag-bison-du-nord-fr","8":"product_tag-ressources-pedagogiques","9":"sales-flash-overlay","10":"woocommerce-text-align-center","11":"woocommerce-image-align-center","12":"do-quantity-buttons","13":"wc-has-gallery","15":"first","16":"instock","17":"taxable","18":"shipping-taxable","19":"purchasable","20":"product-type-simple"},"_links":{"self":[{"href":"https:\/\/bisondunord.com\/fr\/wp-json\/wp\/v2\/product\/10429","targetHints":{"allow":["GET"]}}],"collection":[{"href":"https:\/\/bisondunord.com\/fr\/wp-json\/wp\/v2\/product"}],"about":[{"href":"https:\/\/bisondunord.com\/fr\/wp-json\/wp\/v2\/types\/product"}],"wp:featuredmedia":[{"embeddable":true,"href":"https:\/\/bisondunord.com\/fr\/wp-json\/wp\/v2\/media\/10913"}],"wp:attachment":[{"href":"https:\/\/bisondunord.com\/fr\/wp-json\/wp\/v2\/media?parent=10429"}],"wp:term":[{"taxonomy":"product_brand","embeddable":true,"href":"https:\/\/bisondunord.com\/fr\/wp-json\/wp\/v2\/product_brand?post=10429"},{"taxonomy":"product_cat","embeddable":true,"href":"https:\/\/bisondunord.com\/fr\/wp-json\/wp\/v2\/product_cat?post=10429"},{"taxonomy":"product_tag","embeddable":true,"href":"https:\/\/bisondunord.com\/fr\/wp-json\/wp\/v2\/product_tag?post=10429"}],"curies":[{"name":"wp","href":"https:\/\/api.w.org\/{rel}","templated":true}]}}