{"id":10435,"date":"2024-06-03T13:03:37","date_gmt":"2024-06-03T17:03:37","guid":{"rendered":"https:\/\/bisondunord.com\/product\/aimant-de-bison-en-peluche\/"},"modified":"2024-07-05T07:05:13","modified_gmt":"2024-07-05T11:05:13","slug":"aimant-de-bison-en-peluche","status":"publish","type":"product","link":"https:\/\/bisondunord.com\/fr\/produit\/aimant-de-bison-en-peluche\/","title":{"rendered":"Aimant de bison en peluche"},"content":{"rendered":"","protected":false},"excerpt":{"rendered":"<p>Collez ce mignon petit aimant de bison en peluche sur votre r\u00e9frig\u00e9rateur ou toute autre surface m\u00e9tallique.<\/p>\n","protected":false},"featured_media":10939,"template":"","meta":{"_seopress_robots_primary_cat":"none","_seopress_titles_title":"Magnet Bison farci | Bison du Nord","_seopress_titles_desc":"Ajoutez une touche de nature \u00e0 votre r\u00e9frig\u00e9rateur avec notre charmant aimant en forme de bison empaill\u00e9 de Bison du Nord, qui combine nature et fantaisie dans un ensemble mignon.","_seopress_robots_index":"","generate_page_header":""},"product_brand":[],"product_cat":[107],"product_tag":[158],"class_list":{"0":"post-10435","1":"product","2":"type-product","3":"status-publish","4":"has-post-thumbnail","6":"product_cat-cadeaux-et-souvenirs","7":"product_tag-animaux-en-peluche","8":"sales-flash-overlay","9":"woocommerce-text-align-center","10":"woocommerce-image-align-center","11":"do-quantity-buttons","12":"wc-has-gallery","14":"first","15":"outofstock","16":"taxable","17":"shipping-taxable","18":"purchasable","19":"product-type-simple"},"_links":{"self":[{"href":"https:\/\/bisondunord.com\/fr\/wp-json\/wp\/v2\/product\/10435","targetHints":{"allow":["GET"]}}],"collection":[{"href":"https:\/\/bisondunord.com\/fr\/wp-json\/wp\/v2\/product"}],"about":[{"href":"https:\/\/bisondunord.com\/fr\/wp-json\/wp\/v2\/types\/product"}],"wp:featuredmedia":[{"embeddable":true,"href":"https:\/\/bisondunord.com\/fr\/wp-json\/wp\/v2\/media\/10939"}],"wp:attachment":[{"href":"https:\/\/bisondunord.com\/fr\/wp-json\/wp\/v2\/media?parent=10435"}],"wp:term":[{"taxonomy":"product_brand","embeddable":true,"href":"https:\/\/bisondunord.com\/fr\/wp-json\/wp\/v2\/product_brand?post=10435"},{"taxonomy":"product_cat","embeddable":true,"href":"https:\/\/bisondunord.com\/fr\/wp-json\/wp\/v2\/product_cat?post=10435"},{"taxonomy":"product_tag","embeddable":true,"href":"https:\/\/bisondunord.com\/fr\/wp-json\/wp\/v2\/product_tag?post=10435"}],"curies":[{"name":"wp","href":"https:\/\/api.w.org\/{rel}","templated":true}]}}