{"id":10441,"date":"2024-06-03T13:03:37","date_gmt":"2024-06-03T17:03:37","guid":{"rendered":"https:\/\/bisondunord.com\/product\/tirette-decorative-de-bison\/"},"modified":"2024-07-05T07:49:02","modified_gmt":"2024-07-05T11:49:02","slug":"tirette-decorative-de-bison","status":"publish","type":"product","link":"https:\/\/bisondunord.com\/fr\/produit\/tirette-decorative-de-bison\/","title":{"rendered":"Tirette d\u00e9corative de bison"},"content":{"rendered":"","protected":false},"excerpt":{"rendered":"<p>Les enfants peuvent attacher cet adorable bison en peluche \u00e0 leur sac \u00e0 dos, manteau ou porte-monnaie.<\/p>\n","protected":false},"featured_media":10941,"template":"","meta":{"_seopress_robots_primary_cat":"none","_seopress_titles_title":"Bison fermeture \u00e0 \u00e9claire | Bison du Nord","_seopress_titles_desc":"La fermeture \u00e9clair en bison, durable et \u00e9l\u00e9gante, rehausse votre \u00e9quipement. Id\u00e9ale pour les vestes, les sacs et bien plus encore. Achetez chez Bison du Nord d\u00e8s aujourd'hui !","_seopress_robots_index":"","generate_page_header":""},"product_brand":[],"product_cat":[107],"product_tag":[158,159],"class_list":{"0":"post-10441","1":"product","2":"type-product","3":"status-publish","4":"has-post-thumbnail","6":"product_cat-cadeaux-et-souvenirs","7":"product_tag-animaux-en-peluche","8":"product_tag-jouets","9":"sales-flash-overlay","10":"woocommerce-text-align-center","11":"woocommerce-image-align-center","12":"do-quantity-buttons","13":"wc-has-gallery","15":"first","16":"instock","17":"taxable","18":"shipping-taxable","19":"purchasable","20":"product-type-simple"},"_links":{"self":[{"href":"https:\/\/bisondunord.com\/fr\/wp-json\/wp\/v2\/product\/10441","targetHints":{"allow":["GET"]}}],"collection":[{"href":"https:\/\/bisondunord.com\/fr\/wp-json\/wp\/v2\/product"}],"about":[{"href":"https:\/\/bisondunord.com\/fr\/wp-json\/wp\/v2\/types\/product"}],"wp:featuredmedia":[{"embeddable":true,"href":"https:\/\/bisondunord.com\/fr\/wp-json\/wp\/v2\/media\/10941"}],"wp:attachment":[{"href":"https:\/\/bisondunord.com\/fr\/wp-json\/wp\/v2\/media?parent=10441"}],"wp:term":[{"taxonomy":"product_brand","embeddable":true,"href":"https:\/\/bisondunord.com\/fr\/wp-json\/wp\/v2\/product_brand?post=10441"},{"taxonomy":"product_cat","embeddable":true,"href":"https:\/\/bisondunord.com\/fr\/wp-json\/wp\/v2\/product_cat?post=10441"},{"taxonomy":"product_tag","embeddable":true,"href":"https:\/\/bisondunord.com\/fr\/wp-json\/wp\/v2\/product_tag?post=10441"}],"curies":[{"name":"wp","href":"https:\/\/api.w.org\/{rel}","templated":true}]}}