{"id":10495,"date":"2024-06-03T13:03:37","date_gmt":"2024-06-03T17:03:37","guid":{"rendered":"https:\/\/bisondunord.com\/product\/bison-en-peluche-curly-critter-10-po\/"},"modified":"2024-07-05T07:06:54","modified_gmt":"2024-07-05T11:06:54","slug":"bison-en-peluche-curly-critter-10-po","status":"publish","type":"product","link":"https:\/\/bisondunord.com\/fr\/produit\/bison-en-peluche-curly-critter-10-po\/","title":{"rendered":"Bison en peluche Curly Critter 10 po."},"content":{"rendered":"","protected":false},"excerpt":{"rendered":"<p>Super douillet, ce bison en peluche deviendra votre nouveau meilleur ami.<\/p>\n","protected":false},"featured_media":10943,"template":"","meta":{"_seopress_robots_primary_cat":"none","_seopress_titles_title":"10\u2033 Bison \u00e0 poils fris\u00e9s | Bison du Nord","_seopress_titles_desc":"Une adorable peluche de bison fris\u00e9 de 10 pouces, parfaite pour les c\u00e2lins ou les cadeaux. Fabriqu\u00e9e avec des mat\u00e9riaux de haute qualit\u00e9 pour un compagnon doux et durable.","_seopress_robots_index":"","generate_page_header":""},"product_brand":[],"product_cat":[107],"product_tag":[158,159],"class_list":{"0":"post-10495","1":"product","2":"type-product","3":"status-publish","4":"has-post-thumbnail","6":"product_cat-cadeaux-et-souvenirs","7":"product_tag-animaux-en-peluche","8":"product_tag-jouets","9":"sales-flash-overlay","10":"woocommerce-text-align-center","11":"woocommerce-image-align-center","12":"do-quantity-buttons","13":"wc-has-gallery","15":"first","16":"instock","17":"taxable","18":"shipping-taxable","19":"purchasable","20":"product-type-simple"},"_links":{"self":[{"href":"https:\/\/bisondunord.com\/fr\/wp-json\/wp\/v2\/product\/10495","targetHints":{"allow":["GET"]}}],"collection":[{"href":"https:\/\/bisondunord.com\/fr\/wp-json\/wp\/v2\/product"}],"about":[{"href":"https:\/\/bisondunord.com\/fr\/wp-json\/wp\/v2\/types\/product"}],"wp:featuredmedia":[{"embeddable":true,"href":"https:\/\/bisondunord.com\/fr\/wp-json\/wp\/v2\/media\/10943"}],"wp:attachment":[{"href":"https:\/\/bisondunord.com\/fr\/wp-json\/wp\/v2\/media?parent=10495"}],"wp:term":[{"taxonomy":"product_brand","embeddable":true,"href":"https:\/\/bisondunord.com\/fr\/wp-json\/wp\/v2\/product_brand?post=10495"},{"taxonomy":"product_cat","embeddable":true,"href":"https:\/\/bisondunord.com\/fr\/wp-json\/wp\/v2\/product_cat?post=10495"},{"taxonomy":"product_tag","embeddable":true,"href":"https:\/\/bisondunord.com\/fr\/wp-json\/wp\/v2\/product_tag?post=10495"}],"curies":[{"name":"wp","href":"https:\/\/api.w.org\/{rel}","templated":true}]}}