{"id":10505,"date":"2024-06-03T13:03:38","date_gmt":"2024-06-03T17:03:38","guid":{"rendered":"https:\/\/bisondunord.com\/product\/buffalo-girl-cooks-bison\/"},"modified":"2024-07-05T08:20:13","modified_gmt":"2024-07-05T12:20:13","slug":"buffalo-girl-cooks-bison","status":"publish","type":"product","link":"https:\/\/bisondunord.com\/fr\/produit\/buffalo-girl-cooks-bison\/","title":{"rendered":"Buffalo Girl Cooks Bison"},"content":{"rendered":"<p>Auteure: Jennifer Bain<\/p>\n","protected":false},"excerpt":{"rendered":"<p>Plus de 100 recettes d\u00e9licieuses qui utilisent le bison, la viande rouge originale de l&rsquo;Am\u00e9rique du Nord, partag\u00e9es par l&rsquo;\u00e9leveur de bison et \u00e9crivaine culinaire prim\u00e9e Jennifer Bain. Les recettes comprennent des feuillet\u00e9s au bison et au cheddar, une soupe au bison, quinoa et chou fris\u00e9, des burgers au bison \u00e0 l&rsquo;\u00e9rable et au whisky, des c\u00f4tes de bison brais\u00e9es style sud-ouest, du foie de bison po\u00eal\u00e9 avec une sauce cr\u00e9meuse \u00e0 la moutarde de Dijon, et bien d&rsquo;autres encore.<\/p>\n<p>Oeuvre publi\u00e9e en anglais par TouchWood Editions.<\/p>\n","protected":false},"featured_media":10945,"template":"","meta":{"_seopress_robots_primary_cat":"","_seopress_titles_title":"","_seopress_titles_desc":"D\u00e9couvrez de d\u00e9licieuses recettes de bison comme le livre de cuisine \"buffalo girl cooks bison\" sur Bison du Nord. Id\u00e9al pour les amateurs de cuisine et les gourmands !","_seopress_robots_index":"","generate_page_header":""},"product_brand":[],"product_cat":[113],"product_tag":[153,145],"class_list":{"0":"post-10505","1":"product","2":"type-product","3":"status-publish","4":"has-post-thumbnail","6":"product_cat-livres","7":"product_tag-cuisine","8":"product_tag-livres","9":"sales-flash-overlay","10":"woocommerce-text-align-center","11":"woocommerce-image-align-center","12":"do-quantity-buttons","13":"wc-has-gallery","15":"first","16":"instock","17":"taxable","18":"shipping-taxable","19":"purchasable","20":"product-type-simple"},"_links":{"self":[{"href":"https:\/\/bisondunord.com\/fr\/wp-json\/wp\/v2\/product\/10505","targetHints":{"allow":["GET"]}}],"collection":[{"href":"https:\/\/bisondunord.com\/fr\/wp-json\/wp\/v2\/product"}],"about":[{"href":"https:\/\/bisondunord.com\/fr\/wp-json\/wp\/v2\/types\/product"}],"wp:featuredmedia":[{"embeddable":true,"href":"https:\/\/bisondunord.com\/fr\/wp-json\/wp\/v2\/media\/10945"}],"wp:attachment":[{"href":"https:\/\/bisondunord.com\/fr\/wp-json\/wp\/v2\/media?parent=10505"}],"wp:term":[{"taxonomy":"product_brand","embeddable":true,"href":"https:\/\/bisondunord.com\/fr\/wp-json\/wp\/v2\/product_brand?post=10505"},{"taxonomy":"product_cat","embeddable":true,"href":"https:\/\/bisondunord.com\/fr\/wp-json\/wp\/v2\/product_cat?post=10505"},{"taxonomy":"product_tag","embeddable":true,"href":"https:\/\/bisondunord.com\/fr\/wp-json\/wp\/v2\/product_tag?post=10505"}],"curies":[{"name":"wp","href":"https:\/\/api.w.org\/{rel}","templated":true}]}}