{"id":10515,"date":"2024-06-03T13:03:43","date_gmt":"2024-06-03T17:03:43","guid":{"rendered":"https:\/\/bisondunord.com\/product\/rose-aimee-belanger-a-lombre-des-chuchoteuses\/"},"modified":"2024-07-05T07:31:29","modified_gmt":"2024-07-05T11:31:29","slug":"rose-aimee-belanger-a-lombre-des-chuchoteuses","status":"publish","type":"product","link":"https:\/\/bisondunord.com\/fr\/produit\/rose-aimee-belanger-a-lombre-des-chuchoteuses\/","title":{"rendered":"Rose-Aim\u00e9e B\u00e9langer, \u00e0 l&rsquo;ombre des chuchoteuses"},"content":{"rendered":"<p>Author: Danielle Carri\u00e8re-Paris<\/p>\n","protected":false},"excerpt":{"rendered":"<p>Comment expliquer que, du jour au lendemain, Rose-Aim\u00e9e B\u00e9langer, une artiste du nord-est de l\u2019Ontario, connaisse un succ\u00e8s aussi fulgurant? Qu\u2019il s\u2019agisse des Chuchoteuses, l\u2019une des \u0153uvres d\u2019art publiques les plus appr\u00e9ci\u00e9es de la m\u00e9tropole qu\u00e9b\u00e9coise, ou de la Femme aux chocolats, les sculptures rondes en bronze qu\u2019elle cr\u00e9e \u00e0 compter de 1995 lui ont rapidement valu un public fid\u00e8le \u00e0 l\u2019\u00e9chelle nationale et internationale.<\/p>\n<p>Le pr\u00e9sent ouvrage, nourri par les t\u00e9moignages de sa famille et d\u2019acteurs du milieu des arts, et accompagn\u00e9 de photographies personnelles et de ses sculptures, permet, pour la premi\u00e8re fois, d\u2019entrer dans l\u2019intimit\u00e9 de cette femme et artiste hors du commun.<\/p>\n<p>Oeuvre publi\u00e9e par Les \u00c9ditions Prise de parole.<\/p>\n","protected":false},"featured_media":11046,"template":"","meta":{"_seopress_robots_primary_cat":"","_seopress_titles_title":"Rose-Aim\u00e9e B\u00e9langer, \u00e0 l'ombre des chuchoteuses - Livres - Bison du Nord","_seopress_titles_desc":"Admire Rose-Aim\u00e9e B\u00e9langer's \"\u00c0 l'ombre des chuchoteuses,\" une sculpture captivante, sur Bison du Nord. Id\u00e9al pour les amateurs d'art et les collectionneurs.","_seopress_robots_index":"","generate_page_header":""},"product_brand":[],"product_cat":[113],"product_tag":[],"class_list":{"0":"post-10515","1":"product","2":"type-product","3":"status-publish","4":"has-post-thumbnail","6":"product_cat-livres","7":"sales-flash-overlay","8":"woocommerce-text-align-center","9":"woocommerce-image-align-center","10":"do-quantity-buttons","11":"wc-has-gallery","13":"first","14":"instock","15":"taxable","16":"shipping-taxable","17":"purchasable","18":"product-type-simple"},"_links":{"self":[{"href":"https:\/\/bisondunord.com\/fr\/wp-json\/wp\/v2\/product\/10515","targetHints":{"allow":["GET"]}}],"collection":[{"href":"https:\/\/bisondunord.com\/fr\/wp-json\/wp\/v2\/product"}],"about":[{"href":"https:\/\/bisondunord.com\/fr\/wp-json\/wp\/v2\/types\/product"}],"wp:featuredmedia":[{"embeddable":true,"href":"https:\/\/bisondunord.com\/fr\/wp-json\/wp\/v2\/media\/11046"}],"wp:attachment":[{"href":"https:\/\/bisondunord.com\/fr\/wp-json\/wp\/v2\/media?parent=10515"}],"wp:term":[{"taxonomy":"product_brand","embeddable":true,"href":"https:\/\/bisondunord.com\/fr\/wp-json\/wp\/v2\/product_brand?post=10515"},{"taxonomy":"product_cat","embeddable":true,"href":"https:\/\/bisondunord.com\/fr\/wp-json\/wp\/v2\/product_cat?post=10515"},{"taxonomy":"product_tag","embeddable":true,"href":"https:\/\/bisondunord.com\/fr\/wp-json\/wp\/v2\/product_tag?post=10515"}],"curies":[{"name":"wp","href":"https:\/\/api.w.org\/{rel}","templated":true}]}}