{"id":10523,"date":"2024-06-03T13:03:45","date_gmt":"2024-06-03T17:03:45","guid":{"rendered":"https:\/\/bisondunord.com\/product\/illustration-dun-bison-a-laquarelle-format-8x10-ciel-bleu\/"},"modified":"2024-07-05T06:57:59","modified_gmt":"2024-07-05T10:57:59","slug":"illustration-dun-bison-a-laquarelle-format-8x10-ciel-bleu","status":"publish","type":"product","link":"https:\/\/bisondunord.com\/fr\/produit\/illustration-dun-bison-a-laquarelle-format-8x10-ciel-bleu\/","title":{"rendered":"Illustration d&rsquo;un bison \u00e0 l&rsquo;aquarelle (format 8&#215;10) &#8211; Ciel bleu"},"content":{"rendered":"<p>\u00c0 propos de l&rsquo;artiste<\/p>\n<p>Marly McGuire Beaudoin, artiste aquarelliste bas\u00e9e \u00e0 Ottawa, ON. La plupart des oeuvres de Marly sont personnalis\u00e9es, peignant principalement des portraits d&rsquo;animaux sur commande. <\/p>\n<p>Pour en savoir plus, visitez www.marlymcgbart.com ou suivez @marlymcgbart sur Facebook, Instagram, Twitter, Tik Tok et Pinterest.<\/p>\n","protected":false},"excerpt":{"rendered":"<p>Jolie illustration d&rsquo;un bison peint avec trois aquarelles.<\/p>\n<p>Impression en format 8&#215;10, \u00e9galement disponible en format 5&#215;7.<\/p>\n","protected":false},"featured_media":10957,"template":"","meta":{"_seopress_robots_primary_cat":"none","_seopress_titles_title":"Illustration de bison \u00e0 l'aquarelle - Ciel bleu | Bison du Nord","_seopress_titles_desc":"Am\u00e9liorez votre espace avec cette aquarelle 8x10 repr\u00e9sentant un bison majestueux sous un ciel bleu serein. Parfait pour les amateurs de nature et d'art.","_seopress_robots_index":"","generate_page_header":""},"product_brand":[],"product_cat":[107],"product_tag":[141,156],"class_list":{"0":"post-10523","1":"product","2":"type-product","3":"status-publish","4":"has-post-thumbnail","6":"product_cat-cadeaux-et-souvenirs","7":"product_tag-art-fr","8":"product_tag-illustrations","9":"sales-flash-overlay","10":"woocommerce-text-align-center","11":"woocommerce-image-align-center","12":"do-quantity-buttons","13":"wc-has-gallery","15":"first","16":"instock","17":"taxable","18":"shipping-taxable","19":"purchasable","20":"product-type-variable"},"_links":{"self":[{"href":"https:\/\/bisondunord.com\/fr\/wp-json\/wp\/v2\/product\/10523","targetHints":{"allow":["GET"]}}],"collection":[{"href":"https:\/\/bisondunord.com\/fr\/wp-json\/wp\/v2\/product"}],"about":[{"href":"https:\/\/bisondunord.com\/fr\/wp-json\/wp\/v2\/types\/product"}],"wp:featuredmedia":[{"embeddable":true,"href":"https:\/\/bisondunord.com\/fr\/wp-json\/wp\/v2\/media\/10957"}],"wp:attachment":[{"href":"https:\/\/bisondunord.com\/fr\/wp-json\/wp\/v2\/media?parent=10523"}],"wp:term":[{"taxonomy":"product_brand","embeddable":true,"href":"https:\/\/bisondunord.com\/fr\/wp-json\/wp\/v2\/product_brand?post=10523"},{"taxonomy":"product_cat","embeddable":true,"href":"https:\/\/bisondunord.com\/fr\/wp-json\/wp\/v2\/product_cat?post=10523"},{"taxonomy":"product_tag","embeddable":true,"href":"https:\/\/bisondunord.com\/fr\/wp-json\/wp\/v2\/product_tag?post=10523"}],"curies":[{"name":"wp","href":"https:\/\/api.w.org\/{rel}","templated":true}]}}