{"id":10535,"date":"2024-06-03T13:03:45","date_gmt":"2024-06-03T17:03:45","guid":{"rendered":"https:\/\/bisondunord.com\/product\/tasse-de-camping-vintage-bison-du-nord\/"},"modified":"2024-07-05T08:33:05","modified_gmt":"2024-07-05T12:33:05","slug":"tasse-de-camping-vintage-bison-du-nord","status":"publish","type":"product","link":"https:\/\/bisondunord.com\/fr\/produit\/tasse-de-camping-vintage-bison-du-nord\/","title":{"rendered":"Tasse de camping vintage Bison du Nord"},"content":{"rendered":"","protected":false},"excerpt":{"rendered":"<p>Faites un clin d&rsquo;oeil \u00e0 l&rsquo;histoire et savourez votre caf\u00e9 du matin dans cette tasse en c\u00e9ramique vintage de 8 oz! Mettant en vedette le logo original de Bison du Nord, le rebord et l&rsquo;anse de la tasse sont noirs.<\/p>\n","protected":false},"featured_media":11033,"template":"","meta":{"_seopress_robots_primary_cat":"","_seopress_titles_title":"","_seopress_titles_desc":"Profitez d'un moment de d\u00e9tente avec la tasse r\u00e9tro de Bison du Nord. Con\u00e7ue pour les aventures robustes, elle est votre compagnon incontournable pour un charme rustique et un style durable.","_seopress_robots_index":"","generate_page_header":""},"product_brand":[],"product_cat":[117],"product_tag":[144,87],"class_list":{"0":"post-10535","1":"product","2":"type-product","3":"status-publish","4":"has-post-thumbnail","6":"product_cat-boissons","7":"product_tag-bison-du-nord-fr","8":"product_tag-verres-et-tasses","9":"sales-flash-overlay","10":"woocommerce-text-align-center","11":"woocommerce-image-align-center","12":"do-quantity-buttons","14":"first","15":"instock","16":"taxable","17":"shipping-taxable","18":"purchasable","19":"product-type-simple"},"_links":{"self":[{"href":"https:\/\/bisondunord.com\/fr\/wp-json\/wp\/v2\/product\/10535","targetHints":{"allow":["GET"]}}],"collection":[{"href":"https:\/\/bisondunord.com\/fr\/wp-json\/wp\/v2\/product"}],"about":[{"href":"https:\/\/bisondunord.com\/fr\/wp-json\/wp\/v2\/types\/product"}],"wp:featuredmedia":[{"embeddable":true,"href":"https:\/\/bisondunord.com\/fr\/wp-json\/wp\/v2\/media\/11033"}],"wp:attachment":[{"href":"https:\/\/bisondunord.com\/fr\/wp-json\/wp\/v2\/media?parent=10535"}],"wp:term":[{"taxonomy":"product_brand","embeddable":true,"href":"https:\/\/bisondunord.com\/fr\/wp-json\/wp\/v2\/product_brand?post=10535"},{"taxonomy":"product_cat","embeddable":true,"href":"https:\/\/bisondunord.com\/fr\/wp-json\/wp\/v2\/product_cat?post=10535"},{"taxonomy":"product_tag","embeddable":true,"href":"https:\/\/bisondunord.com\/fr\/wp-json\/wp\/v2\/product_tag?post=10535"}],"curies":[{"name":"wp","href":"https:\/\/api.w.org\/{rel}","templated":true}]}}