{"id":10539,"date":"2024-06-03T13:03:46","date_gmt":"2024-06-03T17:03:46","guid":{"rendered":"https:\/\/bisondunord.com\/product\/sac-fourre-tout-bison-du-nord-en-toile-de-coton\/"},"modified":"2024-07-05T08:31:56","modified_gmt":"2024-07-05T12:31:56","slug":"sac-fourre-tout-bison-du-nord-en-toile-de-coton","status":"publish","type":"product","link":"https:\/\/bisondunord.com\/fr\/produit\/sac-fourre-tout-bison-du-nord-en-toile-de-coton\/","title":{"rendered":"Sac fourre-tout Bison du Nord en toile de coton"},"content":{"rendered":"","protected":false},"excerpt":{"rendered":"<p>Le fourre-tout g\u00e9ant Bison du Nord est le sac parfait pour aller au march\u00e9 ou pour transporter toutes vos choses importantes. Fabriqu\u00e9 \u00e0 partir de toile de coton robuste mais douce, le sac est dot\u00e9 d&rsquo;une bandouli\u00e8re de 22&Prime;, de deux poign\u00e9es renforc\u00e9es de 8&Prime; et d&rsquo;une poche int\u00e9rieure zipp\u00e9e pour les articles que vous souhaitez garder en s\u00e9curit\u00e9.<\/p>\n","protected":false},"featured_media":10949,"template":"","meta":{"_seopress_robots_primary_cat":"none","_seopress_titles_title":"","_seopress_titles_desc":"Procurez-vous le sac en toile Bison du Nord et rehaussez votre style gr\u00e2ce \u00e0 une fabrication durable, id\u00e9ale pour les essentiels de tous les jours et la mode \u00e9co-consciente.","_seopress_robots_index":"","generate_page_header":""},"product_brand":[],"product_cat":[107],"product_tag":[144,142],"class_list":{"0":"post-10539","1":"product","2":"type-product","3":"status-publish","4":"has-post-thumbnail","6":"product_cat-cadeaux-et-souvenirs","7":"product_tag-bison-du-nord-fr","8":"product_tag-sacs","9":"sales-flash-overlay","10":"woocommerce-text-align-center","11":"woocommerce-image-align-center","12":"do-quantity-buttons","13":"wc-has-gallery","15":"first","16":"instock","17":"taxable","18":"shipping-taxable","19":"purchasable","20":"product-type-simple"},"_links":{"self":[{"href":"https:\/\/bisondunord.com\/fr\/wp-json\/wp\/v2\/product\/10539","targetHints":{"allow":["GET"]}}],"collection":[{"href":"https:\/\/bisondunord.com\/fr\/wp-json\/wp\/v2\/product"}],"about":[{"href":"https:\/\/bisondunord.com\/fr\/wp-json\/wp\/v2\/types\/product"}],"wp:featuredmedia":[{"embeddable":true,"href":"https:\/\/bisondunord.com\/fr\/wp-json\/wp\/v2\/media\/10949"}],"wp:attachment":[{"href":"https:\/\/bisondunord.com\/fr\/wp-json\/wp\/v2\/media?parent=10539"}],"wp:term":[{"taxonomy":"product_brand","embeddable":true,"href":"https:\/\/bisondunord.com\/fr\/wp-json\/wp\/v2\/product_brand?post=10539"},{"taxonomy":"product_cat","embeddable":true,"href":"https:\/\/bisondunord.com\/fr\/wp-json\/wp\/v2\/product_cat?post=10539"},{"taxonomy":"product_tag","embeddable":true,"href":"https:\/\/bisondunord.com\/fr\/wp-json\/wp\/v2\/product_tag?post=10539"}],"curies":[{"name":"wp","href":"https:\/\/api.w.org\/{rel}","templated":true}]}}