{"id":11210,"date":"2025-10-22T18:56:54","date_gmt":"2025-10-22T22:56:54","guid":{"rendered":"https:\/\/bisondunord.com\/?post_type=product&#038;p=11210"},"modified":"2025-10-22T19:53:38","modified_gmt":"2025-10-22T23:53:38","slug":"viande-de-bison-nourri-a-lherbe-special-automne","status":"publish","type":"product","link":"https:\/\/bisondunord.com\/fr\/produit\/viande-de-bison-nourri-a-lherbe-special-automne\/","title":{"rendered":"Viande de bison nourri \u00e0 l&rsquo;herbe &#8211; Sp\u00e9cial automne"},"content":{"rendered":"<h3><strong>\u00c0 propos de notre bison 100% nourri \u00e0 l&rsquo;herbe<\/strong><\/h3>\n<p>Notre bison est exclusivement nourri et fini \u00e0 l\u2019herbe sur notre ferme situ\u00e9e \u00e0 Earlton, en Ontario. Le bison produit une viande qui est naturellement tr\u00e8s maigre, faible en calories, riche en prot\u00e9ines et en fer. C\u2019est l\u2019une des viandes les plus nutritives (et savoureuse!) sur le march\u00e9 et est une excellente alternative au boeuf et aux autres viandes rouges.<\/p>\n<p>Notre ferme est fi\u00e8re d\u2019\u00eatre chef de file parmi les \u00e9leveurs de bison du Canada en devenant certifi\u00e9e\u00a0<a href=\"https:\/\/agreenerworld.org\/certifications\/certified-grass-fed\/\">Nourri \u00e0 l&rsquo;herbe par AGW<\/a>. Cette certification attribu\u00e9e par A Greener World (AGW) est la seule aux \u00c9tats-Unis et au Canada qui garantie que les produits alimentaires proviennent d\u2019animaux qui sont nourris \u00e0 l\u2019herbe \u00e0 100% et qui sont \u00e9lev\u00e9s \u00e0 l\u2019ext\u00e9rieur dans des p\u00e2turages g\u00e9r\u00e9s conform\u00e9ment aux normes de bien-\u00eatre et d\u2019environnement les plus strictes.<\/p>\n","protected":false},"excerpt":{"rendered":"<p>R\u00e9chauffez-vous avec notre sp\u00e9cial d&rsquo;automne\u00a0rempli de viande de bison nourri \u00e0 100 % \u00e0 l&rsquo;herbe! Pr\u00e9parez un d\u00e9licieux plateau de charcuterie avec notre saucisson d&rsquo;\u00e9t\u00e9 et nos pepperettes ou cuisinez un bon chili au bison avec notre viande de bison hach\u00e9e. Mieux encore, r\u00e9veillez-vous avec l&rsquo;odeur d\u00e9licieuse des galettes de saucisse de bison pour le d\u00e9jeuner. En prime, votre ensemble comprend \u00e9galement un sac Bison du Nord gratuit.<\/p>\n<p>Le sp\u00e9cial d&rsquo;automne\u00a0comprend :<\/p>\n<ul>\n<li>1 x galettes de saucisses d\u00e9jeuner<\/li>\n<li>2 x bison hach\u00e9 (1 lb\/paquet)<\/li>\n<li>1 x saucisses de bison fermi\u00e8res<\/li>\n<li>1 x saucisson d&rsquo;\u00e9t\u00e9 au bison (tranch\u00e9)<\/li>\n<li>1 x pepperettes de bison (douces ou moyennes)<\/li>\n<li>1 sac Bison du Nord (valeur de 19,99$, gratuit!)<\/li>\n<\/ul>\n<p><b><strong>Ramassage local uniquement les samedis 4, 11, 18 et 25 octobre, et 1er et 8 novembre, de 9h \u00e0 16h, \u00e0 notre boutique situ\u00e9e sur la ferme (86454 Airport Rd, Earlton, ON).<\/strong><\/b> <b><strong>La viande est congel\u00e9e, aucune exp\u00e9dition possible. Les coupes de viande peuvent varier selon la disponibilit\u00e9.\u00a0<\/strong><\/b><\/p>\n","protected":false},"featured_media":11204,"template":"","meta":{"_seopress_robots_primary_cat":"none","_seopress_titles_title":"Viande de bison nourri \u00e0 l'herbe - Sp\u00e9cial automne","_seopress_titles_desc":"R\u00e9chauffez-vous avec notre sp\u00e9cial d'automne et notre viande de bison nourri \u00e0 l'herbe \u00e0 100%. Recevez un sac gratuit. Commandez d\u00e8s maintenant!","_seopress_robots_index":"","generate_page_header":""},"product_brand":[],"product_cat":[174,97],"product_tag":[98],"class_list":{"0":"post-11210","1":"product","2":"type-product","3":"status-publish","4":"has-post-thumbnail","6":"product_cat-meat-bundles","7":"product_cat-viande-de-bison","8":"product_tag-viande-de-bison","9":"sales-flash-overlay","10":"woocommerce-text-align-center","11":"woocommerce-image-align-center","12":"do-quantity-buttons","13":"wc-has-gallery","15":"first","16":"outofstock","17":"sale","18":"virtual","19":"purchasable","20":"product-type-simple"},"_links":{"self":[{"href":"https:\/\/bisondunord.com\/fr\/wp-json\/wp\/v2\/product\/11210","targetHints":{"allow":["GET"]}}],"collection":[{"href":"https:\/\/bisondunord.com\/fr\/wp-json\/wp\/v2\/product"}],"about":[{"href":"https:\/\/bisondunord.com\/fr\/wp-json\/wp\/v2\/types\/product"}],"wp:featuredmedia":[{"embeddable":true,"href":"https:\/\/bisondunord.com\/fr\/wp-json\/wp\/v2\/media\/11204"}],"wp:attachment":[{"href":"https:\/\/bisondunord.com\/fr\/wp-json\/wp\/v2\/media?parent=11210"}],"wp:term":[{"taxonomy":"product_brand","embeddable":true,"href":"https:\/\/bisondunord.com\/fr\/wp-json\/wp\/v2\/product_brand?post=11210"},{"taxonomy":"product_cat","embeddable":true,"href":"https:\/\/bisondunord.com\/fr\/wp-json\/wp\/v2\/product_cat?post=11210"},{"taxonomy":"product_tag","embeddable":true,"href":"https:\/\/bisondunord.com\/fr\/wp-json\/wp\/v2\/product_tag?post=11210"}],"curies":[{"name":"wp","href":"https:\/\/api.w.org\/{rel}","templated":true}]}}