{"id":388,"date":"2017-11-22T00:42:56","date_gmt":"2017-11-22T05:42:56","guid":{"rendered":"https:\/\/bisondunord.com\/product\/soleil-levant\/"},"modified":"2024-07-05T08:09:55","modified_gmt":"2024-07-05T12:09:55","slug":"soleil-levant","status":"publish","type":"product","link":"https:\/\/bisondunord.com\/fr\/produit\/soleil-levant\/","title":{"rendered":"Soleil levant"},"content":{"rendered":"<p><span style=\"font-weight: 400;\">Cr\u00e2nes de bison authentiques et uniques en leur genre provenant de l\u2019un des ranchs pionniers au Canada. Ajoutez une touche naturelle \u00e0 votre d\u00e9cor ou une oeuvre d\u2019art originale \u00e0 votre collection!<\/span><\/p>\n<p><span style=\"font-weight: 400;\">Nos cr\u00e2nes sont des produits naturels d\u2019origine \u00e9thique et durable. Chacun est nettoy\u00e9, d\u00e9sinfect\u00e9 et pr\u00e9par\u00e9 \u00e0 la main sur notre ranch. Le r\u00e9sultat? Un produit authentique et original dont vous serez fier!<\/span><\/p>\n<h3>\u00c0 propos de l&rsquo;artiste<\/h3>\n<p><span style=\"font-weight: 400;\">Lionel Venne est un artiste autodidacte. Le collage, les techniques mixtes, l\u2019aquarelle, l&rsquo;acrylique et la tapisserie font partie des m\u00e9dias qu&rsquo;il choisit pour interpr\u00e9ter ce qu&rsquo;il voit et ressent.<\/span><\/p>\n<p><span style=\"font-weight: 400;\">Ses \u0153uvres font partie de collections priv\u00e9es et corporatives au Canada, aux \u00c9tats-Unis, en Angleterre, en \u00c9cosse, en Allemagne, en Belgique, en Norv\u00e8ge, en Australie, en France et en Italie.<\/span><\/p>\n<p><span style=\"font-weight: 400;\">Vivant dans le nord de l&rsquo;Ontario, Lionel appr\u00e9cie la proximit\u00e9 avec la nature et croit que \u00ab les objets trouv\u00e9s, aussi humbles soient-ils, ne sont pas cr\u00e9\u00e9s ou d\u00e9truits par ma main &#8211; seulement transform\u00e9s. [&#8230;] Les \u0153uvres qui en r\u00e9sultent combinent des \u00e9l\u00e9ments de paysage, d\u2019emp\u00e2tement et de formes g\u00e9om\u00e9triques. \u00bb<\/span><\/p>\n","protected":false},"excerpt":{"rendered":"<p><span style=\"font-weight: 400;\">Tout comme le soleil levant, cette \u0153uvre d&rsquo;art unique offre un bel amalgame de couleurs. Douze cordons de su\u00e8de ornent chaque c\u00f4t\u00e9 du cr\u00e2ne et sont nou\u00e9s en paires de couleurs: bleu vert, orange br\u00fbl\u00e9 et noir. Les cornes, bien qu\u2019asym\u00e9triques, ajoutent du caract\u00e8re \u00e0 la pi\u00e8ce.<\/span><\/p>\n<p><span style=\"font-weight: 400;\">Nos cr\u00e2nes sont des produits naturels d\u2019origine \u00e9thique et durable. Chacun est nettoy\u00e9, d\u00e9sinfect\u00e9 et pr\u00e9par\u00e9 \u00e0 la main sur notre ranch. Le r\u00e9sultat? Un produit authentique et original dont vous serez fier!<\/span><\/p>\n","protected":false},"featured_media":378,"template":"","meta":{"_seopress_robots_primary_cat":"none","_seopress_titles_title":"Cr\u00e2ne de bison | Soleil levant | Bison du Nord Earlton, ON","_seopress_titles_desc":"D\u00e9couvrez le go\u00fbt exquis du soleil levant, une d\u00e9coupe de bison de premi\u00e8re qualit\u00e9 de Bison du Nord, parfaite pour les repas gastronomiques. Commandez le v\u00f4tre d\u00e8s aujourd'hui !","_seopress_robots_index":"","generate_page_header":""},"product_brand":[],"product_cat":[44],"product_tag":[45,46,48,49],"class_list":{"0":"post-388","1":"product","2":"type-product","3":"status-publish","4":"has-post-thumbnail","6":"product_cat-crane-de-bison","7":"product_tag-bison-fr","8":"product_tag-crane-de-bison","9":"product_tag-crane-peint","10":"product_tag-lionel-venne-fr","11":"sales-flash-overlay","12":"woocommerce-text-align-center","13":"woocommerce-image-align-center","14":"do-quantity-buttons","15":"wc-has-gallery","17":"first","18":"instock","19":"sold-individually","20":"taxable","21":"shipping-taxable","22":"purchasable","23":"product-type-simple"},"_links":{"self":[{"href":"https:\/\/bisondunord.com\/fr\/wp-json\/wp\/v2\/product\/388","targetHints":{"allow":["GET"]}}],"collection":[{"href":"https:\/\/bisondunord.com\/fr\/wp-json\/wp\/v2\/product"}],"about":[{"href":"https:\/\/bisondunord.com\/fr\/wp-json\/wp\/v2\/types\/product"}],"wp:featuredmedia":[{"embeddable":true,"href":"https:\/\/bisondunord.com\/fr\/wp-json\/wp\/v2\/media\/378"}],"wp:attachment":[{"href":"https:\/\/bisondunord.com\/fr\/wp-json\/wp\/v2\/media?parent=388"}],"wp:term":[{"taxonomy":"product_brand","embeddable":true,"href":"https:\/\/bisondunord.com\/fr\/wp-json\/wp\/v2\/product_brand?post=388"},{"taxonomy":"product_cat","embeddable":true,"href":"https:\/\/bisondunord.com\/fr\/wp-json\/wp\/v2\/product_cat?post=388"},{"taxonomy":"product_tag","embeddable":true,"href":"https:\/\/bisondunord.com\/fr\/wp-json\/wp\/v2\/product_tag?post=388"}],"curies":[{"name":"wp","href":"https:\/\/api.w.org\/{rel}","templated":true}]}}