{"id":603,"date":"2018-10-09T20:21:41","date_gmt":"2018-10-10T00:24:02","guid":{"rendered":"https:\/\/bisondunord.com\/?post_type=product&#038;p=603"},"modified":"2024-07-05T08:27:26","modified_gmt":"2024-07-05T12:27:26","slug":"crane-peint-sur-mesure","status":"publish","type":"product","link":"https:\/\/bisondunord.com\/fr\/produit\/crane-peint-sur-mesure\/","title":{"rendered":"Cr\u00e2ne de bison peint sur mesure"},"content":{"rendered":"<p>Nos cr\u00e2nes de bison sont des produits d\u2019origine \u00e9thique et durable. Ils s<span style=\"font-weight: 400;\">ont nettoy\u00e9s, d\u00e9sinfect\u00e9s et pr\u00e9par\u00e9s \u00e0 la main sur notre ranch.\u00a0<\/span><\/p>\n","protected":false},"excerpt":{"rendered":"<p>Nous pouvons donner vie \u00e0 n&rsquo;importe quelle id\u00e9e sur nos cr\u00e2nes de bison peints \u00e0 la main ! Qu&rsquo;il s&rsquo;agisse d&rsquo;un logo sportif, d&rsquo;une marque d&rsquo;entreprise ou de votre motif pr\u00e9f\u00e9r\u00e9, <a href=\"https:\/\/bisondunord.com\/fr\/nous-joindre\/\">contactez-nous<\/a> avec votre demande sp\u00e9ciale.<\/p>\n<p><span style=\"font-weight: 400;\">Pr\u00eats \u00e0 \u00eatre accroch\u00e9s, nos cr\u00e2nes sont livr\u00e9s avec un fil d\u2019acier fait sur mesure et avec un certificat d&rsquo;authenticit\u00e9.<\/span><\/p>\n<p>Les prix commencent \u00e0 750$ et peuvent varier selon la taille et le poids du cr\u00e2ne (comprend la pr\u00e9paration, le mat\u00e9riel de peinture, le travail de l&rsquo;artiste et le cr\u00e2ne de bison). Le d\u00e9lai d&rsquo;ex\u00e9cution standard est de 4 \u00e0 6 semaines.<\/p>\n","protected":false},"featured_media":9221,"template":"","meta":{"_seopress_robots_primary_cat":"none","_seopress_titles_title":"","_seopress_titles_desc":"Personnalisez votre espace avec une touche unique ! Les cr\u00e2nes de bison peints \u00e0 la main chez Bison du Nord ajoutent un charme rustique \u00e0 tout d\u00e9cor.","_seopress_robots_index":"","generate_page_header":""},"product_brand":[],"product_cat":[44],"product_tag":[45,46,48,67,71],"class_list":{"0":"post-603","1":"product","2":"type-product","3":"status-publish","4":"has-post-thumbnail","6":"product_cat-crane-de-bison","7":"product_tag-bison-fr","8":"product_tag-crane-de-bison","9":"product_tag-crane-peint","10":"product_tag-fait-sur-mesure","11":"product_tag-vanessa-lantaigne-fr","12":"sales-flash-overlay","13":"woocommerce-text-align-center","14":"woocommerce-image-align-center","15":"do-quantity-buttons","16":"wc-has-gallery","18":"first","19":"instock","20":"sold-individually","21":"taxable","22":"shipping-taxable","23":"purchasable","24":"product-type-simple"},"_links":{"self":[{"href":"https:\/\/bisondunord.com\/fr\/wp-json\/wp\/v2\/product\/603","targetHints":{"allow":["GET"]}}],"collection":[{"href":"https:\/\/bisondunord.com\/fr\/wp-json\/wp\/v2\/product"}],"about":[{"href":"https:\/\/bisondunord.com\/fr\/wp-json\/wp\/v2\/types\/product"}],"wp:featuredmedia":[{"embeddable":true,"href":"https:\/\/bisondunord.com\/fr\/wp-json\/wp\/v2\/media\/9221"}],"wp:attachment":[{"href":"https:\/\/bisondunord.com\/fr\/wp-json\/wp\/v2\/media?parent=603"}],"wp:term":[{"taxonomy":"product_brand","embeddable":true,"href":"https:\/\/bisondunord.com\/fr\/wp-json\/wp\/v2\/product_brand?post=603"},{"taxonomy":"product_cat","embeddable":true,"href":"https:\/\/bisondunord.com\/fr\/wp-json\/wp\/v2\/product_cat?post=603"},{"taxonomy":"product_tag","embeddable":true,"href":"https:\/\/bisondunord.com\/fr\/wp-json\/wp\/v2\/product_tag?post=603"}],"curies":[{"name":"wp","href":"https:\/\/api.w.org\/{rel}","templated":true}]}}