{"id":650,"date":"2018-12-17T22:58:54","date_gmt":"2018-12-18T04:52:41","guid":{"rendered":"https:\/\/bisondunord.com\/?post_type=product&#038;p=650"},"modified":"2024-07-05T08:25:39","modified_gmt":"2024-07-05T12:25:39","slug":"crane-bison-naturel","status":"publish","type":"product","link":"https:\/\/bisondunord.com\/fr\/produit\/crane-bison-naturel\/","title":{"rendered":"Cr\u00e2ne de bison naturel"},"content":{"rendered":"<p>Nos cr\u00e2nes de bison sont des produits d\u2019origine \u00e9thique et durable. Ils s<span style=\"font-weight: 400;\">ont nettoy\u00e9s, d\u00e9sinfect\u00e9s et pr\u00e9par\u00e9s \u00e0 la main sur notre ranch.\u00a0<\/span><\/p>\n<p>&nbsp;<\/p>\n","protected":false},"excerpt":{"rendered":"<p><span style=\"font-weight: 400;\">Nos cr\u00e2nes de bison naturels sont blanchis et une cire noire est appliqu\u00e9e sur les cornes pour bien les mettre en valeur.\u00a0<\/span><span style=\"font-weight: 400;\">Pr\u00eats \u00e0 \u00eatre accroch\u00e9s, les cr\u00e2nes sont livr\u00e9s avec un fil d\u2019acier fait sur mesure et un certificat d&rsquo;authenticit\u00e9. Faites entrer la nature dans votre d\u00e9cor!<\/span><\/p>\n<p>Les prix commencent \u00e0 500$ et peuvent varier selon la taille et le poids du cr\u00e2ne. Veuillez <a href=\"https:\/\/bisondunord.com\/fr\/nous-joindre\/\">communiquer avec nous<\/a> pour discuter de vos pr\u00e9f\u00e9rences et obtenir un estim\u00e9 avant de passer votre commande.<\/p>\n","protected":false},"featured_media":9287,"template":"","meta":{"_seopress_robots_primary_cat":"none","_seopress_titles_title":"","_seopress_titles_desc":"Cr\u00e2ne de bison naturel unique : s\u00e9lectionn\u00e9 \u00e0 la main pour sa qualit\u00e9 et son authenticit\u00e9, il constitue un ajout remarquable \u00e0 toute collection ou tout d\u00e9cor.","_seopress_robots_index":"","generate_page_header":""},"product_brand":[],"product_cat":[44],"product_tag":[45,46,47],"class_list":{"0":"post-650","1":"product","2":"type-product","3":"status-publish","4":"has-post-thumbnail","6":"product_cat-crane-de-bison","7":"product_tag-bison-fr","8":"product_tag-crane-de-bison","9":"product_tag-crane-naturel","10":"sales-flash-overlay","11":"woocommerce-text-align-center","12":"woocommerce-image-align-center","13":"do-quantity-buttons","14":"wc-has-gallery","16":"first","17":"instock","18":"sold-individually","19":"taxable","20":"shipping-taxable","21":"purchasable","22":"product-type-simple"},"_links":{"self":[{"href":"https:\/\/bisondunord.com\/fr\/wp-json\/wp\/v2\/product\/650","targetHints":{"allow":["GET"]}}],"collection":[{"href":"https:\/\/bisondunord.com\/fr\/wp-json\/wp\/v2\/product"}],"about":[{"href":"https:\/\/bisondunord.com\/fr\/wp-json\/wp\/v2\/types\/product"}],"wp:featuredmedia":[{"embeddable":true,"href":"https:\/\/bisondunord.com\/fr\/wp-json\/wp\/v2\/media\/9287"}],"wp:attachment":[{"href":"https:\/\/bisondunord.com\/fr\/wp-json\/wp\/v2\/media?parent=650"}],"wp:term":[{"taxonomy":"product_brand","embeddable":true,"href":"https:\/\/bisondunord.com\/fr\/wp-json\/wp\/v2\/product_brand?post=650"},{"taxonomy":"product_cat","embeddable":true,"href":"https:\/\/bisondunord.com\/fr\/wp-json\/wp\/v2\/product_cat?post=650"},{"taxonomy":"product_tag","embeddable":true,"href":"https:\/\/bisondunord.com\/fr\/wp-json\/wp\/v2\/product_tag?post=650"}],"curies":[{"name":"wp","href":"https:\/\/api.w.org\/{rel}","templated":true}]}}